{"id":7405,"date":"2023-06-05T16:48:23","date_gmt":"2023-06-05T14:48:23","guid":{"rendered":"http:\/\/ueilamilano.com\/new\/?post_type=product&#038;p=7405"},"modified":"2026-02-11T14:28:36","modified_gmt":"2026-02-11T13:28:36","slug":"t-shirt-ricamata-a-milano-limoniamo-bianca-unisex","status":"publish","type":"product","link":"https:\/\/ueilamilano.com\/new\/negozio\/t-shirt-ricamata-a-milano-limoniamo-bianca-unisex\/","title":{"rendered":"T shirt ricamata A Milano limoniamo Bianca (Unisex)"},"content":{"rendered":"","protected":false},"excerpt":{"rendered":"<p><strong>A Milano limoniamo: S\u00ec, non \u00e8 vero che passiamo il tempo a lavorare!<\/strong><\/p>\n<p>Tutte le t shirt Ueila arriveranno con l&#8217;esclusivo packaging: non solo una carta da regalo divertentissima ma anche una tote bag stampata che sar\u00e0 pratica per voi e andr\u00e0 ulteriormente ad arricchire, nel caso di un regalo, la gi\u00e0 fantastica t shirt che regalerete.<\/p>\n<p>Provare per credere!<\/p>\n<ul>\n<li>T-shirt unisex in 100% cotone organico<\/li>\n<li>Ricamo esclusivo ideato e realizzato da Ueila Milano a Milano<\/li>\n<li>Scritta &#8220;A Milano limoniamo&#8221; nel nostro iconico rosso<\/li>\n<li>Composizione: 100% cotone organico<\/li>\n<\/ul>\n<p><img decoding=\"async\" class=\"alignnone wp-image-2887\" src=\"http:\/\/ueilamilano.com\/new\/wp-content\/uploads\/2021\/02\/U-organic-cotton-300.jpg\" alt=\"organic cotton\" width=\"80\" height=\"80\" srcset=\"https:\/\/ueilamilano.com\/new\/wp-content\/uploads\/2021\/02\/U-organic-cotton-300.jpg 300w, https:\/\/ueilamilano.com\/new\/wp-content\/uploads\/2021\/02\/U-organic-cotton-300-100x100.jpg 100w\" sizes=\"(max-width: 80px) 100vw, 80px\" \/><img decoding=\"async\" class=\"alignleft wp-image-2882\" src=\"http:\/\/ueilamilano.com\/new\/wp-content\/uploads\/2021\/02\/packaging-eco-friendly-300.jpg\" alt=\"ueila milano packaging eco friendly\" width=\"80\" height=\"80\" srcset=\"https:\/\/ueilamilano.com\/new\/wp-content\/uploads\/2021\/02\/packaging-eco-friendly-300.jpg 300w, https:\/\/ueilamilano.com\/new\/wp-content\/uploads\/2021\/02\/packaging-eco-friendly-300-100x100.jpg 100w\" sizes=\"(max-width: 80px) 100vw, 80px\" \/><\/p>\n","protected":false},"featured_media":31502,"comment_status":"open","ping_status":"closed","template":"","meta":{"_joinchat":[]},"product_brand":[],"product_cat":[96,21,147],"product_tag":[139,135,137],"class_list":{"0":"post-7405","1":"product","2":"type-product","3":"status-publish","4":"has-post-thumbnail","6":"product_cat-t-shirt-ricamate-unisex","7":"product_cat-negozio","8":"product_cat-ultimi-arrivi","9":"product_tag-maglietta-ricamata","10":"product_tag-t-shirt-bianca","11":"product_tag-t-shirt-ricamata","13":"first","14":"instock","15":"taxable","16":"shipping-taxable","17":"purchasable","18":"product-type-variable"},"_links":{"self":[{"href":"https:\/\/ueilamilano.com\/new\/wp-json\/wp\/v2\/product\/7405","targetHints":{"allow":["GET"]}}],"collection":[{"href":"https:\/\/ueilamilano.com\/new\/wp-json\/wp\/v2\/product"}],"about":[{"href":"https:\/\/ueilamilano.com\/new\/wp-json\/wp\/v2\/types\/product"}],"replies":[{"embeddable":true,"href":"https:\/\/ueilamilano.com\/new\/wp-json\/wp\/v2\/comments?post=7405"}],"version-history":[{"count":0,"href":"https:\/\/ueilamilano.com\/new\/wp-json\/wp\/v2\/product\/7405\/revisions"}],"wp:featuredmedia":[{"embeddable":true,"href":"https:\/\/ueilamilano.com\/new\/wp-json\/wp\/v2\/media\/31502"}],"wp:attachment":[{"href":"https:\/\/ueilamilano.com\/new\/wp-json\/wp\/v2\/media?parent=7405"}],"wp:term":[{"taxonomy":"product_brand","embeddable":true,"href":"https:\/\/ueilamilano.com\/new\/wp-json\/wp\/v2\/product_brand?post=7405"},{"taxonomy":"product_cat","embeddable":true,"href":"https:\/\/ueilamilano.com\/new\/wp-json\/wp\/v2\/product_cat?post=7405"},{"taxonomy":"product_tag","embeddable":true,"href":"https:\/\/ueilamilano.com\/new\/wp-json\/wp\/v2\/product_tag?post=7405"}],"curies":[{"name":"wp","href":"https:\/\/api.w.org\/{rel}","templated":true}]}}