{"id":5568,"date":"2022-03-02T16:37:15","date_gmt":"2022-03-02T15:37:15","guid":{"rendered":"http:\/\/ueilamilano.com\/new\/?post_type=product&#038;p=5568"},"modified":"2025-08-01T10:34:15","modified_gmt":"2025-08-01T08:34:15","slug":"t-shirt-ricamata-silenzio-bianca-unisex","status":"publish","type":"product","link":"https:\/\/ueilamilano.com\/new\/negozio\/t-shirt-ricamata-silenzio-bianca-unisex\/","title":{"rendered":"T shirt ricamata Silenzio Bianca"},"content":{"rendered":"","protected":false},"excerpt":{"rendered":"<p><strong>Silenzio: A volte \u00e8 la cosa migliore che possiamo regalarci.<\/strong><\/p>\n<p>Tutte le t shirt Ueila arriveranno con l&#8217;esclusivo packaging: non solo una carta da regalo divertentissima ma anche una tote bag stampata che sar\u00e0 pratica per voi e andr\u00e0 ulteriormente ad arricchire, nel caso di un regalo, la gi\u00e0 fantastica t shirt che regalerete.<\/p>\n<p>Provare per credere!<\/p>\n<ul>\n<li>T-shirt unisex in 100% cotone organico<\/li>\n<li>Ricamo esclusivo ideato e realizzato da Ueila Milano a Milano<\/li>\n<li>Scritta &#8220;Silenzio&#8221; nel nostro iconico rosso<\/li>\n<li>Composizione: 100% cotone organico<\/li>\n<\/ul>\n<p><img decoding=\"async\" class=\"alignnone size-full wp-image-32386\" src=\"http:\/\/ueilamilano.com\/new\/wp-content\/uploads\/U-organic-cotton-40.jpg\" alt=\"cotone organico\" width=\"80\" height=\"80\" srcset=\"https:\/\/ueilamilano.com\/new\/wp-content\/uploads\/U-organic-cotton-40.jpg 80w, https:\/\/ueilamilano.com\/new\/wp-content\/uploads\/U-organic-cotton-40-50x50.jpg 50w\" sizes=\"(max-width: 80px) 100vw, 80px\" \/><img decoding=\"async\" class=\"alignleft wp-image-2882\" src=\"http:\/\/ueilamilano.com\/new\/wp-content\/uploads\/2021\/02\/packaging-eco-friendly-300.jpg\" alt=\"ueila milano packaging eco friendly\" width=\"80\" height=\"80\" srcset=\"https:\/\/ueilamilano.com\/new\/wp-content\/uploads\/2021\/02\/packaging-eco-friendly-300.jpg 300w, https:\/\/ueilamilano.com\/new\/wp-content\/uploads\/2021\/02\/packaging-eco-friendly-300-100x100.jpg 100w\" sizes=\"(max-width: 80px) 100vw, 80px\" \/><\/p>\n","protected":false},"featured_media":31998,"comment_status":"closed","ping_status":"closed","template":"","meta":{"_joinchat":[]},"product_brand":[],"product_cat":[96,147],"product_tag":[139,95,142,135,136,137],"class_list":{"0":"post-5568","1":"product","2":"type-product","3":"status-publish","4":"has-post-thumbnail","6":"product_cat-t-shirt-ricamate-unisex","7":"product_cat-ultimi-arrivi","8":"product_tag-maglietta-ricamata","9":"product_tag-ricami-in-lingue-straniere","10":"product_tag-silenzio","11":"product_tag-t-shirt-bianca","12":"product_tag-t-shirt-nera","13":"product_tag-t-shirt-ricamata","15":"first","16":"instock","17":"taxable","18":"shipping-taxable","19":"purchasable","20":"product-type-variable"},"_links":{"self":[{"href":"https:\/\/ueilamilano.com\/new\/wp-json\/wp\/v2\/product\/5568","targetHints":{"allow":["GET"]}}],"collection":[{"href":"https:\/\/ueilamilano.com\/new\/wp-json\/wp\/v2\/product"}],"about":[{"href":"https:\/\/ueilamilano.com\/new\/wp-json\/wp\/v2\/types\/product"}],"replies":[{"embeddable":true,"href":"https:\/\/ueilamilano.com\/new\/wp-json\/wp\/v2\/comments?post=5568"}],"version-history":[{"count":0,"href":"https:\/\/ueilamilano.com\/new\/wp-json\/wp\/v2\/product\/5568\/revisions"}],"wp:featuredmedia":[{"embeddable":true,"href":"https:\/\/ueilamilano.com\/new\/wp-json\/wp\/v2\/media\/31998"}],"wp:attachment":[{"href":"https:\/\/ueilamilano.com\/new\/wp-json\/wp\/v2\/media?parent=5568"}],"wp:term":[{"taxonomy":"product_brand","embeddable":true,"href":"https:\/\/ueilamilano.com\/new\/wp-json\/wp\/v2\/product_brand?post=5568"},{"taxonomy":"product_cat","embeddable":true,"href":"https:\/\/ueilamilano.com\/new\/wp-json\/wp\/v2\/product_cat?post=5568"},{"taxonomy":"product_tag","embeddable":true,"href":"https:\/\/ueilamilano.com\/new\/wp-json\/wp\/v2\/product_tag?post=5568"}],"curies":[{"name":"wp","href":"https:\/\/api.w.org\/{rel}","templated":true}]}}