{"id":5301,"date":"2022-02-01T17:44:44","date_gmt":"2022-02-01T16:44:44","guid":{"rendered":"http:\/\/ueilamilano.com\/new\/?post_type=product&#038;p=5301"},"modified":"2025-08-01T10:44:12","modified_gmt":"2025-08-01T08:44:12","slug":"t-shirt-ricamata-disciules-bianca-unisex","status":"publish","type":"product","link":"https:\/\/ueilamilano.com\/new\/negozio\/t-shirt-ricamata-disciules-bianca-unisex\/","title":{"rendered":"T shirt ricamata Disciules!  Bianca (Unisex)"},"content":{"rendered":"","protected":false},"excerpt":{"rendered":"<p><strong>In poche parole significa \u201cdatti una svegliata\u201d, un\u2019esortazione che pu\u00f2 anche spingervi a prendere in mano le redini della vostra vita e a fare qualcosa di grande.<\/strong><\/p>\n<p>Tutte le t shirt Ueila arriveranno con l&#8217;esclusivo packaging: non solo una carta da regalo divertentissima ma anche una tote bag stampata che sar\u00e0 pratica per voi e andr\u00e0 ulteriormente ad arricchire, nel caso di un regalo, la gi\u00e0 fantastica t shirt che regalerete.<\/p>\n<p>Provare per credere!<\/p>\n<ul>\n<li>T-shirt unisex in 100% cotone organico<\/li>\n<li>Ricamo esclusivo ideato e realizzato da Ueila Milano a Milano<\/li>\n<li>Scritta &#8220;Disciules&#8221; nel nostro iconico rosso<\/li>\n<li>Composizione: 100% cotone organico<\/li>\n<\/ul>\n<p><img decoding=\"async\" class=\"alignnone size-full wp-image-32386\" src=\"http:\/\/ueilamilano.com\/new\/wp-content\/uploads\/U-organic-cotton-40.jpg\" alt=\"cotone organico\" width=\"80\" height=\"80\" srcset=\"https:\/\/ueilamilano.com\/new\/wp-content\/uploads\/U-organic-cotton-40.jpg 80w, https:\/\/ueilamilano.com\/new\/wp-content\/uploads\/U-organic-cotton-40-50x50.jpg 50w\" sizes=\"(max-width: 80px) 100vw, 80px\" \/><img decoding=\"async\" class=\"alignleft wp-image-2882\" src=\"http:\/\/ueilamilano.com\/new\/wp-content\/uploads\/2021\/02\/packaging-eco-friendly-300.jpg\" alt=\"ueila milano packaging eco friendly\" width=\"80\" height=\"80\" srcset=\"https:\/\/ueilamilano.com\/new\/wp-content\/uploads\/2021\/02\/packaging-eco-friendly-300.jpg 300w, https:\/\/ueilamilano.com\/new\/wp-content\/uploads\/2021\/02\/packaging-eco-friendly-300-100x100.jpg 100w\" sizes=\"(max-width: 80px) 100vw, 80px\" \/><\/p>\n","protected":false},"featured_media":31508,"comment_status":"closed","ping_status":"closed","template":"","meta":{"_joinchat":[]},"product_brand":[],"product_cat":[96],"product_tag":[93,116,91,100],"class_list":{"0":"post-5301","1":"product","2":"type-product","3":"status-publish","4":"has-post-thumbnail","6":"product_cat-t-shirt-ricamate-unisex","7":"product_tag-bianco","8":"product_tag-disciules","9":"product_tag-maglietta","10":"product_tag-ricami-in-italiano","12":"first","13":"instock","14":"taxable","15":"shipping-taxable","16":"purchasable","17":"product-type-variable"},"_links":{"self":[{"href":"https:\/\/ueilamilano.com\/new\/wp-json\/wp\/v2\/product\/5301","targetHints":{"allow":["GET"]}}],"collection":[{"href":"https:\/\/ueilamilano.com\/new\/wp-json\/wp\/v2\/product"}],"about":[{"href":"https:\/\/ueilamilano.com\/new\/wp-json\/wp\/v2\/types\/product"}],"replies":[{"embeddable":true,"href":"https:\/\/ueilamilano.com\/new\/wp-json\/wp\/v2\/comments?post=5301"}],"version-history":[{"count":0,"href":"https:\/\/ueilamilano.com\/new\/wp-json\/wp\/v2\/product\/5301\/revisions"}],"wp:featuredmedia":[{"embeddable":true,"href":"https:\/\/ueilamilano.com\/new\/wp-json\/wp\/v2\/media\/31508"}],"wp:attachment":[{"href":"https:\/\/ueilamilano.com\/new\/wp-json\/wp\/v2\/media?parent=5301"}],"wp:term":[{"taxonomy":"product_brand","embeddable":true,"href":"https:\/\/ueilamilano.com\/new\/wp-json\/wp\/v2\/product_brand?post=5301"},{"taxonomy":"product_cat","embeddable":true,"href":"https:\/\/ueilamilano.com\/new\/wp-json\/wp\/v2\/product_cat?post=5301"},{"taxonomy":"product_tag","embeddable":true,"href":"https:\/\/ueilamilano.com\/new\/wp-json\/wp\/v2\/product_tag?post=5301"}],"curies":[{"name":"wp","href":"https:\/\/api.w.org\/{rel}","templated":true}]}}