{"id":5277,"date":"2022-02-01T17:44:34","date_gmt":"2022-02-01T16:44:34","guid":{"rendered":"http:\/\/ueilamilano.com\/new\/?post_type=product&#038;p=5277"},"modified":"2025-11-03T12:51:17","modified_gmt":"2025-11-03T11:51:17","slug":"t-shirt-ricamata-sciura-bianca-unisex","status":"publish","type":"product","link":"https:\/\/ueilamilano.com\/new\/negozio\/t-shirt-ricamata-sciura-bianca-unisex\/","title":{"rendered":"T shirt ricamata Sciura Bianca (Unisex)"},"content":{"rendered":"","protected":false},"excerpt":{"rendered":"<p><strong>Sciura, in dialetto milanese significa \u201cSignora\u201d ma \u00e8 diventato, negli ultimi anni, un vero e proprio marchio di fabbrica in grado di influenzare tendenze, sfilate e collezioni di moda. Sguinzagliate la sciura che \u00e8 in voi!<\/strong><\/p>\n<p>Tutte le t shirt Ueila arriveranno con l&#8217;esclusivo packaging: non solo una carta da regalo divertentissima ma anche una tote bag stampata che sar\u00e0 pratica per voi e andr\u00e0 ulteriormente ad arricchire, nel caso di un regalo, la gi\u00e0 fantastica t shirt che regalerete.<\/p>\n<p>Provare per credere!<\/p>\n<div class=\"relative flex w-[calc(100%-50px)] flex-col gap-1 md:gap-3 lg:w-[calc(100%-115px)]\">\n<div class=\"flex flex-grow flex-col gap-3\">\n<div class=\"min-h-[20px] flex flex-col items-start gap-4 whitespace-pre-wrap\">\n<div class=\"markdown prose w-full break-words dark:prose-invert light\">\n<h2>Ma chi \u00e8 la Sciura?<\/h2>\n<p>&#8220;Sciura&#8221; \u00e8 un termine utilizzato in dialetto milanese per indicare una donna sposata, generalmente di mezza et\u00e0 o pi\u00f9 anziana e di una certa posizione sociale. \u00c8 simile al termine italiano &#8220;signora&#8221; o all&#8217;inglese &#8220;madam&#8221; e viene spesso usato come termine di rispetto o cortesia. Il termine fa parte del patrimonio culturale milanese e viene spesso utilizzato nella vita quotidiana della citt\u00e0.<\/p>\n<\/div>\n<\/div>\n<\/div>\n<\/div>\n<ul>\n<li>T-shirt unisex in 100% cotone organico<\/li>\n<li>Ricamo esclusivo ideato e realizzato da Ueila Milano a Milano<\/li>\n<li>Scritta &#8220;Sciura&#8221; nel nostro iconico rosso<\/li>\n<li>Composizione: 100% cotone organico<\/li>\n<\/ul>\n<p><img decoding=\"async\" class=\"alignnone size-full wp-image-32386\" src=\"http:\/\/ueilamilano.com\/new\/wp-content\/uploads\/U-organic-cotton-40.jpg\" alt=\"cotone organico\" width=\"80\" height=\"80\" srcset=\"https:\/\/ueilamilano.com\/new\/wp-content\/uploads\/U-organic-cotton-40.jpg 80w, https:\/\/ueilamilano.com\/new\/wp-content\/uploads\/U-organic-cotton-40-50x50.jpg 50w\" sizes=\"(max-width: 80px) 100vw, 80px\" \/><img decoding=\"async\" class=\"alignleft wp-image-2882\" src=\"http:\/\/ueilamilano.com\/new\/wp-content\/uploads\/2021\/02\/packaging-eco-friendly-300.jpg\" alt=\"ueila milano packaging eco friendly\" width=\"80\" height=\"80\" srcset=\"https:\/\/ueilamilano.com\/new\/wp-content\/uploads\/2021\/02\/packaging-eco-friendly-300.jpg 300w, https:\/\/ueilamilano.com\/new\/wp-content\/uploads\/2021\/02\/packaging-eco-friendly-300-100x100.jpg 100w\" sizes=\"(max-width: 80px) 100vw, 80px\" \/><\/p>\n","protected":false},"featured_media":31528,"comment_status":"closed","ping_status":"closed","template":"","meta":{"_joinchat":[]},"product_brand":[],"product_cat":[96],"product_tag":[93,124,91,100,111],"class_list":{"0":"post-5277","1":"product","2":"type-product","3":"status-publish","4":"has-post-thumbnail","6":"product_cat-t-shirt-ricamate-unisex","7":"product_tag-bianco","8":"product_tag-lafs","9":"product_tag-maglietta","10":"product_tag-ricami-in-italiano","11":"product_tag-sciura","13":"first","14":"instock","15":"taxable","16":"shipping-taxable","17":"purchasable","18":"product-type-variable"},"_links":{"self":[{"href":"https:\/\/ueilamilano.com\/new\/wp-json\/wp\/v2\/product\/5277","targetHints":{"allow":["GET"]}}],"collection":[{"href":"https:\/\/ueilamilano.com\/new\/wp-json\/wp\/v2\/product"}],"about":[{"href":"https:\/\/ueilamilano.com\/new\/wp-json\/wp\/v2\/types\/product"}],"replies":[{"embeddable":true,"href":"https:\/\/ueilamilano.com\/new\/wp-json\/wp\/v2\/comments?post=5277"}],"version-history":[{"count":0,"href":"https:\/\/ueilamilano.com\/new\/wp-json\/wp\/v2\/product\/5277\/revisions"}],"wp:featuredmedia":[{"embeddable":true,"href":"https:\/\/ueilamilano.com\/new\/wp-json\/wp\/v2\/media\/31528"}],"wp:attachment":[{"href":"https:\/\/ueilamilano.com\/new\/wp-json\/wp\/v2\/media?parent=5277"}],"wp:term":[{"taxonomy":"product_brand","embeddable":true,"href":"https:\/\/ueilamilano.com\/new\/wp-json\/wp\/v2\/product_brand?post=5277"},{"taxonomy":"product_cat","embeddable":true,"href":"https:\/\/ueilamilano.com\/new\/wp-json\/wp\/v2\/product_cat?post=5277"},{"taxonomy":"product_tag","embeddable":true,"href":"https:\/\/ueilamilano.com\/new\/wp-json\/wp\/v2\/product_tag?post=5277"}],"curies":[{"name":"wp","href":"https:\/\/api.w.org\/{rel}","templated":true}]}}