{"id":3292,"date":"2021-03-15T12:59:49","date_gmt":"2021-03-15T11:59:49","guid":{"rendered":"http:\/\/ueilamilano.com\/new\/?page_id=3292"},"modified":"2023-04-27T14:41:04","modified_gmt":"2023-04-27T12:41:04","slug":"termini-e-condizioni","status":"publish","type":"page","link":"https:\/\/ueilamilano.com\/new\/termini-e-condizioni\/","title":{"rendered":"Termini e Condizioni"},"content":{"rendered":"\r\n<p>Il presente documento riporta i termini e le condizioni generali sulla base dei quali viene o\udbff\udc03erto agli utenti l&#8217;uso del sito web www.ueilamilano.com che offre vendita capi ed accessori ricamati.<\/p>\r\n<p><strong>1. Definizioni<\/strong><br \/>Per consentire una completa comprensione e accettazione dei presenti termini e condizioni, i seguenti termini, al singolare e al plurale, avranno il significato di seguito indicato:<\/p>\r\n<ul>\r\n<li>Titolare: Nicol\u00f2 Pivoli, via Orti, 14 , 20122, Milano, C.F. PVLNCL79P17F205X , Partita IVA 11555290961 , indirizzo PEC, nicopivoli@pec.ueilamilano.com<\/li>\r\n<li>Applicazione: il sito web www.ueilamilano.com<\/li>\r\n<li>Prodotti: i prodotti forniti all&#8217;utente dal Titolare<\/li>\r\n<li>Utente: qualunque soggetto che accede e utilizza l&#8217;Applicazione<\/li>\r\n<li>Utente Consumatore: la persona fisica maggiorenne che conclude un contratto per scopi estranei alla propria attivit\u00e0 imprenditoriale, commerciale, artigianale o professionale eventualmente svolta<\/li>\r\n<li>Utente non Consumatore: la persona fisica maggiorenne o persona giuridica che conclude un contratto per lo svolgimento o per esigenze della propria attivit\u00e0 imprenditoriale, commerciale, artigianale o professionale<\/li>\r\n<li>Condizioni: il presente contratto che disciplina i rapporti tra il Titolare e gli Utenti e la vendita o fornitura dei Prodotti o\udbff\udc03erti dal Titolare tramite l&#8217;Applicazione.<\/li>\r\n<\/ul>\r\n<p>L&#8217;uso dell&#8217;Applicazione comporta l&#8217;accettazione delle Condizioni da parte dell&#8217;Utente. Qualora l&#8217;Utente non intenda accettare le Condizioni e\/o qualsiasi altra nota, avviso legale, informativa pubblicati o ivi richiamati non potr\u00e0 utilizzare l&#8217;Applicazione n\u00e9 i relativi servizi.<\/p>\r\n<p>Le Condizioni possono essere modificate in ogni momento.<\/p>\r\n<p>Le Condizioni applicabili sono quelle in vigore alla data di trasmissione dell&#8217;ordine di acquisto o richiesta di fornitura di un Prodotto.<\/p>\r\n<p>Prima di utilizzare l&#8217;Applicazione, l&#8217;Utente \u00e8 tenuto a leggere attentamente le Condizioni e a salvarle o stamparle per future consultazioni.<\/p>\r\n<p>Il Titolare si riserva il diritto di variare a propria discrezione, in qualunque momento, l&#8217;interfaccia gra\udbff\udc04ca dell&#8217;Applicazione, i Contenuti e la loro organizzazione, nonch\u00e9 ogni altro aspetto che caratterizza la funzionalit\u00e0 e la gestione dell&#8217;Applicazione, comunicando all&#8217;Utente, ove occorrenti, le relative istruzioni.<\/p>\r\n<p>&nbsp;<\/p>\r\n<p>Tutti i Prodotti offerti tramite l&#8217;Applicazione sono descritti in maniera dettagliata nelle relative pagine prodotto (qualit\u00e0, caratteristiche, disponibilit\u00e0, prezzo, tempi e spese di consegna, oneri accessori, etc.). Potrebbero evidenziarsi alcuni errori, imprecisioni o piccole differenze tra quanto pubblicato sull&#8217;Applicazione e il Prodotto reale. Inoltre, le eventuali immagini dei Prodotti sono solo rappresentative e non costituiscono elemento contrattuale.<\/p>\r\n<p>Gli acquisti e\/o le richieste di fornitura di uno o pi\u00f9 Prodotti tramite l&#8217;Applicazione sono consentiti sia a Utenti Consumatori sia a Utenti non Consumatori.<\/p>\r\n<p>Alle persone fisiche gli acquisti e\/o le richieste di fornitura sono consentiti solo a condizione che siano maggiorenni. Per i minorenni ogni acquisto e\/o richiesta di fornitura di Prodotti tramite l&#8217;Applicazione dovranno essere vagliati e autorizzati dai genitori o dagli esercenti la responsabilit\u00e0 genitoriale.<\/p>\r\n<p>L&#8217;offerta dei Prodotti tramite l&#8217;Applicazione costituisce invito ad offrire e l&#8217;ordine inviato dall&#8217;Utente varr\u00e0 quale proposta contrattuale di acquisto e\/o di richiesta di fornitura, soggetta a conferma e\/o accettazione da parte del Titolare secondo quanto descritto di seguito. Pertanto, il Titolare avr\u00e0, a proprio insindacabile giudizio, il diritto di accettare o meno l&#8217;ordine dell&#8217;Utente senza che quest&#8217;ultimo possa eccepire o lamentare alcunch\u00e9 a qualsivoglia titolo e\/o ragione.<\/p>\r\n<p>Il contratto di vendita o di fornitura dei Prodotti si intende concluso con l&#8217;accettazione da parte del Titolare della proposta contrattuale dell&#8217;Utente . Il Titolare accetter\u00e0 la proposta contrattuale dell&#8217;Utente mediante l&#8217;invio della conferma d&#8217;ordine all&#8217;indirizzo di posta elettronica indicato dall&#8217;Utente oppure tramite la visualizzazione di una pagina web di conferma d&#8217;ordine, nella quale saranno riportati la data dell&#8217;ordine, i dati dell&#8217;Utente, le caratteristiche e la disponibilit\u00e0 del Prodotto, il prezzo o la modalit\u00e0 di calcolo del prezzo, gli eventuali ulteriori oneri e imposte accessori, l&#8217;indirizzo di consegna, i tempi e le eventuali spese di consegna, le modalit\u00e0 per esercitare il diritto di recesso o la sua eventuale esclusione e la garanzia.<\/p>\r\n<p>Il contratto di vendita o fornitura dei Prodotti non si considera e\udbff\udc05cace fra le parti in difetto di quanto indicato al punto precedente.<\/p>\r\n<p>Nel caso in cui il Prodotto non fosse disponibile, il Titolare render\u00e0 noto all&#8217;Utente i nuovi termini di consegna o fornitura, chiedendo se intende confermare l&#8217;ordine o meno. Resta inteso che il contratto si intender\u00e0 perfezionato relativamente ai Prodotti accettati dal Titolare.<\/p>\r\n<p>L&#8217;Utente si impegna a veri\udbff\udc04care la correttezza dei dati riportati nella conferma d&#8217;ordine e a comunicare immediatamente al Titolare eventuali errori e provveder\u00e0 a conservare copia del proprio ordine, della relativa conferma e delle Condizioni.<\/p>\r\n<p>&nbsp;<\/p>\r\n<p><strong>4. Prezzi e pagamenti<\/strong><br \/>Per ogni Prodotto viene indicato il prezzo comprensivo di IVA, se dovuta. Qualora la natura del Prodotto comporti l&#8217;impossibilit\u00e0 di<\/p>\r\n<p>calcolarlo in anticipo, vengono indicate le modalit\u00e0 di calcolo del prezzo.<\/p>\r\n<p>Inoltre, saranno indicate tutte le eventuali imposte, spese aggiuntive e spese di consegna che possono variare in relazione alla destinazione, alla modalit\u00e0 di consegna prescelta e\/o alla modalit\u00e0 di pagamento utilizzata. Qualora tali voci di spesa non possano ragionevolmente essere calcolate in anticipo, vi sar\u00e0 l&#8217;indicazione di quali spese saranno addebitate all&#8217;Utente.<\/p>\r\n<p>Il Titolare si riserva la facolt\u00e0 di modi\udbff\udc04care, in qualsiasi momento, il prezzo dei Prodotti e tutti gli eventuali costi aggiuntivi. Resta inteso che le eventuali modifiche di prezzo non pregiudicheranno in alcun caso i contratti gi\u00e0 conclusi prima della modifica.<\/p>\r\n<p>L&#8217;Utente si impegna a pagare il prezzo del Prodotto nei tempi e modi indicati nell&#8217;Applicazione e a comunicare tutti i dati necessari eventualmente richiesti.<\/p>\r\n<p>L&#8217;Applicazione utilizza strumenti terzi per l&#8217;elaborazione dei pagamenti e non entra in alcun modo in contatto con i dati di pagamento forniti (numero delle carte di credito, nome del titolare, password, etc.).<\/p>\r\n<p>Qualora tali strumenti terzi dovessero negare l&#8217;autorizzazione al pagamento, il Titolare non potr\u00e0 fornire i Prodotti e non potr\u00e0 essere considerato in alcun modo responsabile.<\/p>\r\n<p>&nbsp;<\/p>\r\n<p>All&#8217;Utente che desideri ricevere la fattura saranno richiesti i dati per la fatturazione. Per l&#8217;emissione della fattura faranno fede le informazioni fornite dall&#8217;Utente che egli dichiara e garantisce essere rispondenti al vero, rilasciando al Titolare ogni pi\u00f9 ampia manleva al riguardo.<\/p>\r\n<p>&nbsp;<\/p>\r\n<p>I Prodotti materiali e\/o beni digitali forniti su un supporto materiale saranno consegnati all&#8217;indirizzo indicato dall&#8217;Utente, con le modalit\u00e0 e nel termine scelti o indicati sull&#8217;Applicazione e riportati nella conferma d&#8217;ordine. Se non speci\udbff\udc04cato diversamente, i termini di consegna speci\udbff\udc04cati nella conferma d&#8217;ordine indicano il periodo di tempo abitualmente necessario per recapitare il Prodotto dal momento della presa in carico del corriere.<\/p>\r\n<p>Nel caso in cui non sia possibile fornire i Prodotti richiesti, ne verr\u00e0 dato tempestivo avviso tramite e-mail all&#8217;Utente, con l&#8217;indicazione di quando si prevede di poterli consegnare o delle ragioni che rendono la fornitura impossibile.<\/p>\r\n<p>Qualora l&#8217;Utente non intenda accettare il nuovo termine o la consegna sia divenuta impossibile, potr\u00e0 chiedere il rimborso di quanto pagato che verr\u00e0 accreditato tempestivamente nelle stesse modalit\u00e0 di pagamento utilizzate dall&#8217;Utente per l&#8217;acquisto al massimo entro 14 giorni dalla data in cui il Titolare \u00e8 venuto a conoscenza della richiesta di rimborso.<\/p>\r\n<p>All&#8217;atto del ricevimento del Prodotto, l&#8217;Utente \u00e8 tenuto a veri\udbff\udc04carne la conformit\u00e0 con l&#8217;ordine effettuato nonch\u00e9 l&#8217;integrit\u00e0 dell&#8217;imballaggio. Nel caso in cui risultino danni evidenti all&#8217;imballaggio e\/o al Prodotto, l&#8217;Utente pu\u00f2 ri\udbff\udc04utare la consegna del Prodotto e potr\u00e0 restituirlo senza alcuna spesa a suo carico. Una volta \udbff\udc04rmato il documento di consegna, l&#8217;Utente non potr\u00e0 opporre alcuna contestazione circa le caratteristiche esteriori dei Prodotti consegnati.<\/p>\r\n<p>Il Titolare non sar\u00e0 responsabile nei confronti di alcuna parte o di terzi in merito a danni, perdite e costi subiti a seguito della mancata esecuzione del contratto dovuta a forza maggiore.<\/p>\r\n<p>&nbsp;<\/p>\r\n<p>All&#8217;Utente non Consumatore non \u00e8 riconosciuto il diritto di recesso dal contratto di vendita o fornitura dei Prodotti. L&#8217;Utente riconosce espressamente che l&#8217;indicazione nell&#8217;ordine di un numero di partita IVA lo qualifica automaticamente come Utente non Consumatore, per il quale non \u00e8 previsto il diritto di recesso.<\/p>\r\n<p>&nbsp;<\/p>\r\n<p>Il solo Utente Consumatore che per qualsiasi ragione non si ritenesse soddisfatto del Prodotto ha diritto di recedere senza alcuna penalit\u00e0 e senza speci\udbff\udc04carne il motivo entro il termine di 14 giorni decorrente dalla data di ricevimento del Prodotto, mediante l&#8217;invio di una comunicazione scritta all&#8217;indirizzo e-mail info@ueilamilano.com, utilizzando il modulo facoltativo di recesso di cui al successivo articolo o una qualsiasi altra dichiarazione scritta.<\/p>\r\n<p>Nel caso di consegna separata di pi\u00f9 Prodotti, ordinati dall&#8217;Utente Consumatore con un solo ordine, il termine di 14 giorni per l&#8217;esercizio del diritto di recesso decorre dal giorno in cui \u00e8 stato ricevuto l&#8217;ultimo Prodotto.<\/p>\r\n<p>In caso di recesso, l&#8217;Utente Consumatore dovr\u00e0 restituire il Prodotto al Titolare, senza indebito ritardo e in ogni caso entro e non oltre 14 giorni dalla data in cui ha comunicato la sua decisione di recedere dal contratto. L&#8217;Utente Consumatore sosterr\u00e0 solo il costo diretto della restituzione del Prodotto, a meno che il Titolare non abbia dichiarato di farsene carico.<\/p>\r\n<p>&nbsp;<\/p>\r\n<p>In caso di recesso esercitato correttamente, il Titolare rimborser\u00e0 i pagamenti ricevuti dall&#8217;Utente, nelle stesse modalit\u00e0 di pagamento utilizzate dall&#8217;Utente per la transazione iniziale, senza indebito ritardo e comunque entro 14 giorni dal giorno in cui l&#8217;Utente ha comunicato di voler recedere dal contratto.<\/p>\r\n<p>Il Titolare non \u00e8 tenuto a rimborsare i costi di consegna, qualora l&#8217;Utente Consumatore abbia scelto espressamente un tipo di consegna diversa dal tipo meno costoso di consegna offerto dal Titolare.<\/p>\r\n<p>Il Titolare, salvo che abbia offerto di ritirare egli stesso il Prodotto, pu\u00f2 trattenere il rimborso finch\u00e9 non abbia ricevuto il Prodotto oppure finch\u00e9 l&#8217;Utente Consumatore non abbia dimostrato di averlo rispedito.<\/p>\r\n<p>Il Titolare non accetter\u00e0 la restituzione nel caso in cui il Prodotto risulti malfunzionante a causa di utilizzo improprio, negligenza, danni o alterazioni fisiche, estetiche o superficiali, manomissioni o manutenzione impropria o usura e logorio, assenza di elementi integranti del prodotto (accessori, parti, etc.). In tali casi, il Titolare provveder\u00e0 a restituire al mittente il Prodotto acquistato, addebitando allo stesso le spese di spedizione.<\/p>\r\n<p>&nbsp;<\/p>\r\n<p><strong>9. Modulo facoltativo per esercitare il diritto di recesso<\/strong><br \/>L&#8217;Utente pu\u00f2 recedere utilizzando il seguente modulo che dovr\u00e0 essere compilato in ogni sua parte e inviato all&#8217;indirizzo e-mail info@ueilamilano.com prima della scadenza del periodo di recesso: Con la presente, comunico il recesso dal contratto di vendita o fornitura relativo al seguente prodotto __________ Ordine numero:_______<br \/>Ordinato il: _______<br \/>Nome e Cognome: _______ Indirizzo: ______<br \/>E-mail associata all&#8217;account da cui \u00e8 stato effettuato l&#8217;ordine: ____________________ Data: __________<\/p>\r\n<p>&nbsp;<\/p>\r\n<p>In relazione ai Prodotti materiali, agli Utenti non Consumatori saranno applicate le garanzie per i vizi della cosa venduta, la garanzia per difetto di qualit\u00e0 promesse ed essenziali e le altre garanzie previste dal codice civile con i relativi termini, decadenze e limitazioni (artt. 1490 e ss. c.c.).<\/p>\r\n<p>&nbsp;<\/p>\r\n<p>Viene riconosciuta la garanzia legale di conformit\u00e0, prevista dagli artt. 128-135 del Codice del Consumo, per tutti i Prodotti venduti tramite l&#8217;Applicazione che rientrino nella categoria di &#8220;beni di consumo&#8221;, cos\u00ec come disciplinati dall&#8217;art. 128, 2\u00b0 comma del Codice del Consumo: qualsiasi bene mobile, anche da assemblare, tranne i) i beni oggetto di vendita forzata o comunque venduti secondo altre modalit\u00e0 dalle autorit\u00e0 giudiziarie, anche mediante delega ai notai, ii) l&#8217;acqua e il gas, quando non confezionati per la vendita in un volume delimitato o in quantit\u00e0 determinata, iii) l&#8217;energia elettrica.<\/p>\r\n<p>La garanzia legale di conformit\u00e0 \u00e8 riservata ai soli Utenti Consumatori.<\/p>\r\n<p>Il Titolare ha l&#8217;obbligo di consegnare all&#8217;Utente Consumatore Prodotti conformi al contratto di vendita. Si presume che i Prodotti siano conformi al contratto se, ove pertinenti, coesistono le seguenti circostanze:<\/p>\r\n<ol>\r\n<li>sono idonei all&#8217;uso al quale servono abitualmente beni dello stesso tipo<\/li>\r\n<li>sono conformi alla descrizione fatta dal Titolare e possiedono le qualit\u00e0 del bene che il venditore ha presentato all&#8217;Utente Consumatore come campione o modello<\/li>\r\n<li>presentano la qualit\u00e0 e le prestazioni abituali di un bene dello stesso tipo, che l&#8217;Utente Consumatore pu\u00f2 ragionevolmente aspettarsi, tenuto conto della natura del Prodotto e, se del caso, delle dichiarazioni pubbliche sulle caratteristiche speci\udbff\udc04che dei Prodotti fatte al riguardo dal Titolare, dal produttore o dal suo agente o rappresentante, in particolare nella pubblicit\u00e0 o sull&#8217;etichettatura<\/li>\r\n<li>sono altres\u00ec idonei all&#8217;uso particolare voluto dall&#8217;Utente Consumatore e che sia stato da questi portato a conoscenza del Titolare al momento della conclusione del contratto e che il Titolare abbia accettato anche per fatti concludenti.<\/li>\r\n<\/ol>\r\n<p>Sono quindi esclusi dal campo di applicazione della garanzia di conformit\u00e0 eventuali guasti o malfunzionamenti determinati da fatti accidentali o da responsabilit\u00e0 dell&#8217;Utente Consumatore ovvero da un uso del Prodotto non conforme alla sua destinazione d&#8217;uso e\/o a quanto previsto nella documentazione tecnica allegata.<\/p>\r\n<p>Il difetto di conformit\u00e0 che si manifesti entro 24 mesi dalla data di consegna del Prodotto deve essere denunciato entro i 2 mesi successivi dalla data della scoperta del difetto.<\/p>\r\n<p>Salvo prova contraria, si presume che i difetti di conformit\u00e0 che si manifestino entro 6 mesi dalla consegna del Prodotto esistessero gi\u00e0 a tale data, a meno che tale ipotesi sia incompatibile con la natura del Prodotto o con la natura del difetto di conformit\u00e0. Dopo i 6 mesi, sar\u00e0 l&#8217;Utente Consumatore a dover fornire la prova che il danno non \u00e8 stato originato da un utilizzo erroneo o improprio del Prodotto.<\/p>\r\n<p>Ai sensi dell&#8217;art. 130 del Codice del Consumo, in caso di difetto di conformit\u00e0 del Prodotto l&#8217;Utente Consumatore ha diritto al ripristino della conformit\u00e0 del Prodotto, senza spese. A tal fine, l&#8217;Utente Consumatore pu\u00f2 scegliere tra la riparazione del Prodotto o la sua sostituzione.<\/p>\r\n<p>Tale diritto di scelta non potr\u00e0 essere esercitato se il rimedio richiesto sia oggettivamente impossibile o eccessivamente oneroso. Inoltre, l&#8217;Utente Consumatore ha diritto ad una riduzione adeguata del prezzo o alla risoluzione del contratto, solo qualora ricorra una delle seguenti situazioni: i) la riparazione e la sostituzione sono impossibili o eccessivamente onerose; ii) il Titolare non ha provveduto alla riparazione o sostituzione entro un termine congruo; iii) la sostituzione o la riparazione hanno arrecato notevoli inconvenienti all&#8217;Utente Consumatore.<\/p>\r\n<p>Qualora l&#8217;Utente Consumatore intenda usufruire dei rimedi previsti dalla garanzia di conformit\u00e0, dovr\u00e0 inviare una comunicazione scritta all&#8217;indirizzo e-mail info@ueilamilano.com o chiamando il servizio clienti al numero +39 3923429962.<\/p>\r\n<p>Il Titolare dar\u00e0 tempestivo riscontro alla comunicazione del presunto difetto di conformit\u00e0 e indicher\u00e0 all&#8217;Utente Consumatore la speci\udbff\udc04ca procedura da seguire, anche tenendo conto della categoria merceologica cui il Prodotto appartiene e\/o del difetto denunciato.<\/p>\r\n<p>&nbsp;<\/p>\r\n<p>I Contenuti e\/o i materiali disponibili sull&#8217;Applicazione sono messi a disposizione sulla base dei termini della presente licenza&#8221;Creative Commons Public Licence CC BY-NC 4.0 IT&#8221;(di seguito &#8220;Licenza&#8221;). I Contenuti e\/o i materiali disponibili sull&#8217;Applicazione sono protetti dal diritto d&#8217;autore, dagli altri diritti attribuiti dalla legge sul diritto d&#8217;autore (diritti connessi, diritti sulle banche dati, etc.) e\/o dalle altre leggi applicabili. Ogni utilizzazione dei contenuti e\/o dei materiali disponibili sull&#8217;Applicazione che non sia autorizzata ai sensi della Licenza e\/o delle altre leggi applicabili \u00e8 proibita.<\/p>\r\n<p>Il Titolare concede all&#8217;Utente i diritti di seguito elencati a condizione che lo stesso accetti di rispettare i termini e le condizioni della Licenza.<\/p>\r\n<p>Il Titolare consente all&#8217;Utente di riprodurre, distribuire, comunicare al pubblico, rappresentare, eseguire, recitare, trasformare i contenuti e\/o materiali disponibili sull&#8217;Applicazione con qualsiasi mezzo e formato, ma non a scopi commerciali, a condizione che gli venga riconosciuta la paternit\u00e0 e l&#8217;Utente fornisca un link alla licenza e indichi se sono state efettuate delle modifche. La licenza integrale \u00e8 consultabile a questo indirizzo: https:\/\/creativecommons.org\/licenses\/by-nc\/4.0\/legalcode.it<\/p>\r\n<p>&nbsp;<\/p>\r\n<p>L&#8217;Applicazione viene fornita &#8220;cos\u00ec come \u00e8&#8221; e &#8220;come \u00e8 disponibile&#8221; e il Titolare non fornisce alcuna garanzia esplicita o implicita in relazione all&#8217;Applicazione, n\u00e9 fornisce alcuna garanzia che l&#8217;Applicazione potr\u00e0 soddisfare le esigenze degli Utenti o che non avr\u00e0 mai interruzioni o sar\u00e0 priva di errori o che sar\u00e0 priva di virus o bug.<\/p>\r\n<p>Il Titolare si adoperer\u00e0 per assicurare che l&#8217;Applicazione sia disponibile ininterrottamente 24 ore al giorno, ma non potr\u00e0 in alcun modo essere ritenuto responsabile se, per qualsiasi motivo, l&#8217;Applicazione non fosse accessibile e\/o operativa in qualsiasi momento o per qualsiasi periodo. L&#8217;accesso all&#8217;Applicazione pu\u00f2 essere sospeso temporaneamente e senza preavviso in caso di guasto del sistema, manutenzione, riparazioni o per ragioni del tutto estranee alla volont\u00e0 del Titolare o per eventi di forza maggiore.<\/p>\r\n<p>&nbsp;<\/p>\r\n<p><strong>14. Limitazione della Responsabilit\u00e0<\/strong><br \/>Il Titolare non potr\u00e0 ritenersi responsabile verso l&#8217;Utente, salvo il caso di dolo o colpa grave, per disservizi o malfunzionamenti<\/p>\r\n<p>connessi all&#8217;utilizzo della rete internet al di fuori del controllo proprio o di suoi fornitori.<\/p>\r\n<p>Il Titolare non sar\u00e0 inoltre responsabile in merito a danni, perdite e costi subiti dall&#8217;Utente a seguito della mancata esecuzione del contratto per cause a lui non imputabili, avendo l&#8217;Utente diritto soltanto alla eventuale restituzione integrale del prezzo corrisposto e degli eventuali oneri accessori sostenuti.<\/p>\r\n<p>Il Titolare non assume alcuna responsabilit\u00e0 per l&#8217;eventuale uso fraudolento e illecito che possa essere fatto da parte di terzi delle carte di credito e altri mezzi di pagamento, in quanto non entra in alcun modo in contatto con i dati di pagamento utilizzati (numero delle carte di credito, nome del titolare, password, etc.)<\/p>\r\n<p>Il Titolare non sar\u00e0 responsabile per:<\/p>\r\n<p>eventuali perdite di opportunit\u00e0 commerciale e qualsiasi altra perdita, anche indiretta, eventualmente subita dall&#8217;Utente che non siano conseguenza diretta della violazione del contratto da parte del Titolare<\/p>\r\n<p>errato o inidoneo utilizzo dell&#8217;Applicazione da parte degli Utenti o di terzi<\/p>\r\n<p>l&#8217;emissione di documenti o dati \udbff\udc04scali errati a causa di errori relativi ai dati forniti dall&#8217;Utente, essendo quest&#8217;ultimo l&#8217;unico responsabile del corretto inserimento<\/p>\r\n<p>In nessun caso il Titolare potr\u00e0 essere ritenuto responsabile per una somma superiore al doppio del costo pagato dall&#8217;Utente.<\/p>\r\n<p>&nbsp;<\/p>\r\n<p>Il Titolare non potr\u00e0 essere considerato responsabile per il mancato o ritardato adempimento delle proprie obbligazioni, per circostanze al di fuori del controllo ragionevole del Titolare dovute ad eventi di forza maggiore o, comunque, ad eventi imprevisti ed imprevedibili e, comunque, indipendenti dalla sua volont\u00e0.<\/p>\r\n<p>L&#8217;adempimento delle obbligazioni da parte del Titolare si intender\u00e0 sospeso per il periodo in cui si veri\udbff\udc04cano eventi di forza maggiore.<\/p>\r\n<p>Il Titolare compir\u00e0 qualsiasi atto in suo potere al \udbff\udc04ne di individuare soluzioni che consentano il corretto adempimento delle proprie obbligazioni nonostante la persistenza di eventi forza maggiore.<\/p>\r\n<p>&nbsp;<\/p>\r\n<p><strong>16. Collegamento a siti di terzi<\/strong><br \/>L&#8217;Applicazione potrebbe contenere collegamenti a siti\/applicazioni di terzi. Il Titolare non esercita alcun controllo su di essi e,<\/p>\r\n<p>pertanto, non \u00e8 in alcun modo responsabile per i contenuti di questi siti\/applicazioni.<\/p>\r\n<p>Alcuni di questi collegamenti potrebbero rinviare a siti\/applicazioni di terzi che forniscono servizi attraverso l&#8217;Applicazione. In questi casi, ai singoli servizi si applicheranno le condizioni generali per l&#8217;uso del sito\/applicazione e per la fruizione del servizio predisposte dai terzi, rispetto alle quali il Titolare non assume alcuna responsabilit\u00e0.<\/p>\r\n<p>&nbsp;<\/p>\r\n<p><strong>17. Privacy<\/strong><br \/>La tutela e il trattamento dei dati personali avverranno in conformit\u00e0 all&#8217;Informativa Privacy che pu\u00f2 essere consultata alla pagina <a href=\"http:\/\/ueilamilano.com\/new\/privacy-policy\/\">privacy<\/a>.<\/p>\r\n<p>&nbsp;<\/p>\r\n<p>Le Condizioni sono soggette alla legge italiana.<\/p>\r\n<p>Per gli Utenti Consumatori ogni controversia relativa all&#8217;applicazione, esecuzione e interpretazione delle presenti Condizioni sar\u00e0 devoluta al foro del luogo in cui l&#8217;Utente Consumatore risiede o ha eletto domicilio, se ubicati nel territorio dello Stato Italiano, salva la facolt\u00e0 per l&#8217;Utente Consumatore di adire un giudice diverso da quello del &#8220;foro del consumatore&#8221; ex art. 66 bis del Codice del Consumo, competente per territorio secondo uno dei criteri di cui agli artt. 18, 19 e 20 del codice processuale civile.<\/p>\r\n<p>\u00c8 fatta salva l&#8217;applicazione agli Utenti Consumatori che non abbiano la loro residenza abituale in Italia delle disposizioni eventualmente pi\u00f9 favorevoli e inderogabili previste dalla legge del paese in cui essi hanno la loro residenza abituale, in particolare in relazione al termine per l&#8217;esercizio del diritto di recesso, al termine per la restituzione dei Prodotti, in caso di esercizio di tale diritto, alle modalit\u00e0 e formalit\u00e0 della comunicazione del medesimo e alla garanzia legale di conformit\u00e0.<\/p>\r\n<p>Per gli Utenti non Consumatori, ogni controversia relativa all&#8217;applicazione, esecuzione e interpretazione delle presenti Condizioni sar\u00e0 devoluta al foro del luogo in cui ha sede il Titolare.<\/p>\r\n<p>&nbsp;<\/p>\r\n<p>L&#8217;Utente Consumatore residente in Europa deve essere a conoscenza del fatto che la Commissione Europea ha istituito una piattaforma online che fornisce uno strumento di risoluzione alternativa delle controversie. Tale strumento pu\u00f2 essere utilizzato dall&#8217;Utente Consumatore per risolvere in via non giudiziale ogni controversia relativa a e\/o derivante da contratti di vendita di beni e fornitura di servizi stipulati in rete. Di conseguenza, l&#8217;Utente Consumatore pu\u00f2 usare tale piattaforma per la risoluzione di ogni disputa nascente dal contratto stipulato online. La piattaforma \u00e8 disponibile al seguente indirizzo: ec.europa.eu\/consumers\/odr\/<\/p>\r\n","protected":false},"excerpt":{"rendered":"","protected":false},"author":21,"featured_media":0,"parent":0,"menu_order":0,"comment_status":"closed","ping_status":"closed","template":"","meta":{"_joinchat":[],"footnotes":""},"class_list":["post-3292","page","type-page","status-publish","hentry"],"_links":{"self":[{"href":"https:\/\/ueilamilano.com\/new\/wp-json\/wp\/v2\/pages\/3292","targetHints":{"allow":["GET"]}}],"collection":[{"href":"https:\/\/ueilamilano.com\/new\/wp-json\/wp\/v2\/pages"}],"about":[{"href":"https:\/\/ueilamilano.com\/new\/wp-json\/wp\/v2\/types\/page"}],"author":[{"embeddable":true,"href":"https:\/\/ueilamilano.com\/new\/wp-json\/wp\/v2\/users\/21"}],"replies":[{"embeddable":true,"href":"https:\/\/ueilamilano.com\/new\/wp-json\/wp\/v2\/comments?post=3292"}],"version-history":[{"count":0,"href":"https:\/\/ueilamilano.com\/new\/wp-json\/wp\/v2\/pages\/3292\/revisions"}],"wp:attachment":[{"href":"https:\/\/ueilamilano.com\/new\/wp-json\/wp\/v2\/media?parent=3292"}],"curies":[{"name":"wp","href":"https:\/\/api.w.org\/{rel}","templated":true}]}}