{"id":31072,"date":"2020-02-10T10:34:19","date_gmt":"2020-02-10T10:34:19","guid":{"rendered":"http:\/\/kalles.jan\/demo2\/?page_id=5962"},"modified":"2025-01-21T17:36:06","modified_gmt":"2025-01-21T16:36:06","slug":"chi-siamo","status":"publish","type":"page","link":"https:\/\/ueilamilano.com\/new\/chi-siamo\/","title":{"rendered":"Chi siamo"},"content":{"rendered":"\t\t<div data-elementor-type=\"wp-page\" data-elementor-id=\"31072\" class=\"elementor elementor-31072\" data-elementor-post-type=\"page\">\n\t\t\t\t\t\t<section class=\"elementor-section elementor-top-section elementor-element elementor-element-9d81d25 elementor-section-boxed elementor-section-height-default elementor-section-height-default\" data-id=\"9d81d25\" data-element_type=\"section\" data-e-type=\"section\">\n\t\t\t\t\t\t<div class=\"elementor-container elementor-column-gap-default\">\n\t\t\t\t\t<div class=\"elementor-column elementor-col-50 elementor-top-column elementor-element elementor-element-4465791\" data-id=\"4465791\" data-element_type=\"column\" data-e-type=\"column\">\n\t\t\t<div class=\"elementor-widget-wrap elementor-element-populated\">\n\t\t\t\t\t\t<div class=\"elementor-element elementor-element-1246c70 elementor-widget elementor-widget-text-editor\" data-id=\"1246c70\" data-element_type=\"widget\" data-e-type=\"widget\" data-widget_type=\"text-editor.default\">\n\t\t\t\t\t\t\t\t\t<h5>CHI SIAMO<\/h5><p>Siamo Giada e Nicol\u00f2, insieme nella vita e dal 2015 anche nel lavoro, volevamo creare qualcosa dallo stile unico che fosse solo nostro e che rispecchiasse noi e la nostra citt\u00e0, Milano.<\/p><p>Abbiamo pensato di combinare una tecnica (ai tempi) molto poco usata nella moda street ma con una storia ed una tradizione antichissima alle spalle, con tutto quello che poteva venire dal mondo della cultura pop, come citazioni di film, canzoni o modi di dire della nostra amata citt\u00e0.<\/p><p>Cos\u00ec \u00e8 nato il nostro progetto,\u00a0<strong>cos\u00ec \u00e8 nata Ueila.<\/strong><\/p>\t\t\t\t\t\t\t\t<\/div>\n\t\t\t\t<div class=\"elementor-element elementor-element-a9d8a95 elementor-widget elementor-widget-text-editor\" data-id=\"a9d8a95\" data-element_type=\"widget\" data-e-type=\"widget\" data-widget_type=\"text-editor.default\">\n\t\t\t\t\t\t\t\t\t<h5>Il NOSTRO APPROCCIO<\/h5><p>Un approccio rilassato e &#8220;zero sbatti&#8221; che ci pensa gi\u00e0 la vita a complicarci le cose. Le nostre t-shirt ironiche sono semplici, unisex e con un modello basico, le possono mettere tutti, nessuno escluso!.<\/p>\t\t\t\t\t\t\t\t<\/div>\n\t\t\t\t\t<\/div>\n\t\t<\/div>\n\t\t\t\t<div class=\"elementor-column elementor-col-50 elementor-top-column elementor-element elementor-element-006dd71\" data-id=\"006dd71\" data-element_type=\"column\" data-e-type=\"column\">\n\t\t\t<div class=\"elementor-widget-wrap elementor-element-populated\">\n\t\t\t\t\t\t<div class=\"elementor-element elementor-element-328d8fc elementor-widget elementor-widget-text-editor\" data-id=\"328d8fc\" data-element_type=\"widget\" data-e-type=\"widget\" data-widget_type=\"text-editor.default\">\n\t\t\t\t\t\t\t\t\t<h5>LA NOSTRA FILOSOFIA<\/h5><p>Uniamo l\u2019<strong>antica <\/strong><a href=\"\/antica-tecnica-del-ricamo\"><strong>tecnica del ricamo<\/strong>\u00a0<\/a>con la\u00a0<strong>POP CULTURE<\/strong> e lo streetwear, intervenendo su capi basici \u201cmust-have\u201d, come la maglietta in cotone bianca, con ricami originali, divertenti, ironici, particolari e a volte irriverenti ispirati a cinema, musica e alla street culture internazionale soprattutto milanese.<\/p><p>L\u2019ironia e l\u2019originalit\u00e0 sono il filo conduttore dei nostri ricami creati sempre con passione e grande divertimento.<\/p>\t\t\t\t\t\t\t\t<\/div>\n\t\t\t\t\t<\/div>\n\t\t<\/div>\n\t\t\t\t\t<\/div>\n\t\t<\/section>\n\t\t\t\t<section class=\"elementor-section elementor-top-section elementor-element elementor-element-0708f93 elementor-section-boxed elementor-section-height-default elementor-section-height-default\" data-id=\"0708f93\" data-element_type=\"section\" data-e-type=\"section\">\n\t\t\t\t\t\t<div class=\"elementor-container elementor-column-gap-default\">\n\t\t\t\t\t<div class=\"elementor-column elementor-col-100 elementor-top-column elementor-element elementor-element-6842e52\" data-id=\"6842e52\" data-element_type=\"column\" data-e-type=\"column\">\n\t\t\t<div class=\"elementor-widget-wrap elementor-element-populated\">\n\t\t\t\t\t\t<div class=\"elementor-element elementor-element-fc4c373 elementor-widget elementor-widget-text-editor\" data-id=\"fc4c373\" data-element_type=\"widget\" data-e-type=\"widget\" data-widget_type=\"text-editor.default\">\n\t\t\t\t\t\t\t\t\t<blockquote>Pensiamo alle nostre magliette come a una \u201ctela d\u2019artista\u201d.\nI nostro ricami sono l&#8217;espressione delle nostre passioni: frasi, disegni, citazioni di film o testi di canzoni riconducibili alla cultura POP. <\/blockquote>\t\t\t\t\t\t\t\t<\/div>\n\t\t\t\t<div class=\"elementor-element elementor-element-8625b9a elementor-widget elementor-widget-text-editor\" data-id=\"8625b9a\" data-element_type=\"widget\" data-e-type=\"widget\" data-widget_type=\"text-editor.default\">\n\t\t\t\t\t\t\t\t\t<h5>LO STILE POP<\/h5><p>La cultura di massa o pop culture inizi\u00f2 a diffondersi quando le immagini, i miti e i contenuti potevano finalmente essere condivisi, da gran parte dell\u2019umanit\u00e0, attraverso i mass-media.<\/p><p>La Pop art, nata a met\u00e0 del 20esimo secolo, elabora le immagini e i contenuti legati alla quotidianit\u00e0 fino ad elevarli, decontestualizzandoli a vere e proprie opere d\u2019arte.<\/p><p>Quello che facciamo con i nostri ricami \u00e8 cercare di estrapolare elementi riconoscibili della realt\u00e0 quotidiana, siano essi materiali o immateriali, e di trasportarli su un supporto che per l\u2019artista \u00e8 la tela ma che per noi sono i capi basici della moda, come la t shirt in cotone bianca.<\/p><p>La scelta di utilizzare la tecnica del ricamo ci sembrava la ciliegina sulla torta, creava quel contrasto cos\u00ec perfetto da mischiare con parole e immagini prelevate dal nostro background di cultura pop.<\/p>\t\t\t\t\t\t\t\t<\/div>\n\t\t\t\t<section class=\"elementor-section elementor-inner-section elementor-element elementor-element-bbf53e2 elementor-section-boxed elementor-section-height-default elementor-section-height-default\" data-id=\"bbf53e2\" data-element_type=\"section\" data-e-type=\"section\">\n\t\t\t\t\t\t<div class=\"elementor-container elementor-column-gap-default\">\n\t\t\t\t\t<div class=\"elementor-column elementor-col-66 elementor-inner-column elementor-element elementor-element-4782cb9\" data-id=\"4782cb9\" data-element_type=\"column\" data-e-type=\"column\">\n\t\t\t<div class=\"elementor-widget-wrap elementor-element-populated\">\n\t\t\t\t\t\t<div class=\"elementor-element elementor-element-7880ae8 elementor-widget elementor-widget-text-editor\" data-id=\"7880ae8\" data-element_type=\"widget\" data-e-type=\"widget\" data-widget_type=\"text-editor.default\">\n\t\t\t\t\t\t\t\t\t<p style=\"font-size: 18px;\">Ad esempio il ricamo \u201c<strong>Rebel Rebel<\/strong>\u201d e il ricamo \u201c<strong>Sciura<\/strong>\u201d sono molto differenti tra loro perch\u00e9 fanno riferimento a periodi storici e a contesti diversi. Abbiamo voluto inserirli all\u2019interno della stessa collezione perch\u00e9 chi acquista ed indossa la t-shirt lo fa per i motivi pi\u00f9 disparati: i colori, la bellezza del ricamo o il modello ma soprattutto perch\u00e9 quelle semplici parole hanno un valore che pu\u00f2 essere per alcuni ironico e per altri iconico.<\/p>\t\t\t\t\t\t\t\t<\/div>\n\t\t\t\t\t<\/div>\n\t\t<\/div>\n\t\t\t\t<div class=\"elementor-column elementor-col-33 elementor-inner-column elementor-element elementor-element-660fcda\" data-id=\"660fcda\" data-element_type=\"column\" data-e-type=\"column\">\n\t\t\t<div class=\"elementor-widget-wrap elementor-element-populated\">\n\t\t\t\t\t\t<div class=\"elementor-element elementor-element-afd78e8 elementor-widget elementor-widget-image\" data-id=\"afd78e8\" data-element_type=\"widget\" data-e-type=\"widget\" data-widget_type=\"image.default\">\n\t\t\t\t\t\t\t\t\t\t\t\t\t\t\t<img fetchpriority=\"high\" decoding=\"async\" width=\"300\" height=\"300\" src=\"https:\/\/ueilamilano.com\/new\/wp-content\/uploads\/0068-ueila-maglietta-unisex-bianca-Rebel-Rebel-dettaglio-68-300x300.jpg\" class=\"attachment-thumbnail size-thumbnail wp-image-3266\" alt=\"t shirt ricamata rebel bianca\" srcset=\"https:\/\/ueilamilano.com\/new\/wp-content\/uploads\/0068-ueila-maglietta-unisex-bianca-Rebel-Rebel-dettaglio-68-300x300.jpg 300w, https:\/\/ueilamilano.com\/new\/wp-content\/uploads\/0068-ueila-maglietta-unisex-bianca-Rebel-Rebel-dettaglio-68-100x100.jpg 100w, https:\/\/ueilamilano.com\/new\/wp-content\/uploads\/0068-ueila-maglietta-unisex-bianca-Rebel-Rebel-dettaglio-68-600x600.jpg 600w, https:\/\/ueilamilano.com\/new\/wp-content\/uploads\/0068-ueila-maglietta-unisex-bianca-Rebel-Rebel-dettaglio-68-1024x1024.jpg 1024w, https:\/\/ueilamilano.com\/new\/wp-content\/uploads\/0068-ueila-maglietta-unisex-bianca-Rebel-Rebel-dettaglio-68-768x768.jpg 768w, https:\/\/ueilamilano.com\/new\/wp-content\/uploads\/0068-ueila-maglietta-unisex-bianca-Rebel-Rebel-dettaglio-68.jpg 1333w\" sizes=\"(max-width: 300px) 100vw, 300px\" \/>\t\t\t\t\t\t\t\t\t\t\t\t\t\t\t<\/div>\n\t\t\t\t\t<\/div>\n\t\t<\/div>\n\t\t\t\t\t<\/div>\n\t\t<\/section>\n\t\t\t\t<section class=\"elementor-section elementor-inner-section elementor-element elementor-element-8155071 elementor-section-boxed elementor-section-height-default elementor-section-height-default\" data-id=\"8155071\" data-element_type=\"section\" data-e-type=\"section\">\n\t\t\t\t\t\t<div class=\"elementor-container elementor-column-gap-default\">\n\t\t\t\t\t<div class=\"elementor-column elementor-col-33 elementor-inner-column elementor-element elementor-element-f0d0790\" data-id=\"f0d0790\" data-element_type=\"column\" data-e-type=\"column\">\n\t\t\t<div class=\"elementor-widget-wrap elementor-element-populated\">\n\t\t\t\t\t\t<div class=\"elementor-element elementor-element-3242eca elementor-widget elementor-widget-image\" data-id=\"3242eca\" data-element_type=\"widget\" data-e-type=\"widget\" data-widget_type=\"image.default\">\n\t\t\t\t\t\t\t\t\t\t\t\t\t\t\t<img decoding=\"async\" src=\"http:\/\/ueilamilano.com\/new\/wp-content\/uploads\/0036-ueila-maglietta-unisex-bianca-sciura-dettaglio-36.jpg\" title=\"\" alt=\"t shirt ricamate ueila milano\" loading=\"lazy\">\t\t\t\t\t\t\t\t\t\t\t\t\t\t\t<\/div>\n\t\t\t\t\t<\/div>\n\t\t<\/div>\n\t\t\t\t<div class=\"elementor-column elementor-col-66 elementor-inner-column elementor-element elementor-element-a475415\" data-id=\"a475415\" data-element_type=\"column\" data-e-type=\"column\">\n\t\t\t<div class=\"elementor-widget-wrap elementor-element-populated\">\n\t\t\t\t\t\t<div class=\"elementor-element elementor-element-208a195 elementor-widget elementor-widget-text-editor\" data-id=\"208a195\" data-element_type=\"widget\" data-e-type=\"widget\" data-widget_type=\"text-editor.default\">\n\t\t\t\t\t\t\t\t\t<p>Ci\u00f2 che unisce le due<a href=\"http:\/\/ueilamilano.com\/new\/\"> t shirt ricamate<\/a> prese ad esempio \u00e8 che entrambe hanno ormai un significato per chi vive a Milano, Londra ed Hong Kong.<\/p><p>Ci diverte immaginare una conversazione tra chi indossa la nostra t-shirt \u201cRebel Rebel\u201d e un fan di David Bowie\u2026verr\u00e0 a crearsi una dinamica di sottointesi e sguardi che si materializzer\u00e0 proprio attraverso l\u2019enorme bagaglio di cultura popolare che ormai tutti condividiamo attraverso i media e new media in particolare e la t-shirt avr\u00e0 come protagonisti chi la indossa e chi la osserva.<\/p>\t\t\t\t\t\t\t\t<\/div>\n\t\t\t\t\t<\/div>\n\t\t<\/div>\n\t\t\t\t\t<\/div>\n\t\t<\/section>\n\t\t\t\t\t<\/div>\n\t\t<\/div>\n\t\t\t\t\t<\/div>\n\t\t<\/section>\n\t\t\t\t<section class=\"elementor-section elementor-top-section elementor-element elementor-element-06c8787 elementor-section-boxed elementor-section-height-default elementor-section-height-default\" data-id=\"06c8787\" data-element_type=\"section\" data-e-type=\"section\">\n\t\t\t\t\t\t<div class=\"elementor-container elementor-column-gap-default\">\n\t\t\t\t\t<div class=\"elementor-column elementor-col-100 elementor-top-column elementor-element elementor-element-f6c85d4\" data-id=\"f6c85d4\" data-element_type=\"column\" data-e-type=\"column\">\n\t\t\t<div class=\"elementor-widget-wrap\">\n\t\t\t\t\t\t\t<\/div>\n\t\t<\/div>\n\t\t\t\t\t<\/div>\n\t\t<\/section>\n\t\t\t\t<section class=\"elementor-section elementor-top-section elementor-element elementor-element-07a53d7 elementor-section-boxed elementor-section-height-default elementor-section-height-default\" data-id=\"07a53d7\" data-element_type=\"section\" data-e-type=\"section\">\n\t\t\t\t\t\t<div class=\"elementor-container elementor-column-gap-default\">\n\t\t\t\t\t<div class=\"elementor-column elementor-col-50 elementor-top-column elementor-element elementor-element-a34eac8\" data-id=\"a34eac8\" data-element_type=\"column\" data-e-type=\"column\">\n\t\t\t<div class=\"elementor-widget-wrap\">\n\t\t\t\t\t\t\t<\/div>\n\t\t<\/div>\n\t\t\t\t<div class=\"elementor-column elementor-col-50 elementor-top-column elementor-element elementor-element-a35b45f\" data-id=\"a35b45f\" data-element_type=\"column\" data-e-type=\"column\">\n\t\t\t<div class=\"elementor-widget-wrap\">\n\t\t\t\t\t\t\t<\/div>\n\t\t<\/div>\n\t\t\t\t\t<\/div>\n\t\t<\/section>\n\t\t\t\t<\/div>\n\t\t","protected":false},"excerpt":{"rendered":"<p>CHI SIAMO Siamo Giada e Nicol\u00f2, insieme nella vita e dal 2015 anche nel lavoro, volevamo creare qualcosa dallo stile unico che fosse solo nostro e che rispecchiasse noi e la nostra citt\u00e0, Milano. Abbiamo pensato di combinare una tecnica (ai tempi) molto poco usata nella moda street ma con una storia ed una tradizione [&hellip;]<\/p>\n","protected":false},"author":21,"featured_media":0,"parent":0,"menu_order":0,"comment_status":"closed","ping_status":"closed","template":"","meta":{"_joinchat":[],"footnotes":""},"class_list":["post-31072","page","type-page","status-publish","hentry"],"_links":{"self":[{"href":"https:\/\/ueilamilano.com\/new\/wp-json\/wp\/v2\/pages\/31072","targetHints":{"allow":["GET"]}}],"collection":[{"href":"https:\/\/ueilamilano.com\/new\/wp-json\/wp\/v2\/pages"}],"about":[{"href":"https:\/\/ueilamilano.com\/new\/wp-json\/wp\/v2\/types\/page"}],"author":[{"embeddable":true,"href":"https:\/\/ueilamilano.com\/new\/wp-json\/wp\/v2\/users\/21"}],"replies":[{"embeddable":true,"href":"https:\/\/ueilamilano.com\/new\/wp-json\/wp\/v2\/comments?post=31072"}],"version-history":[{"count":1,"href":"https:\/\/ueilamilano.com\/new\/wp-json\/wp\/v2\/pages\/31072\/revisions"}],"predecessor-version":[{"id":33193,"href":"https:\/\/ueilamilano.com\/new\/wp-json\/wp\/v2\/pages\/31072\/revisions\/33193"}],"wp:attachment":[{"href":"https:\/\/ueilamilano.com\/new\/wp-json\/wp\/v2\/media?parent=31072"}],"curies":[{"name":"wp","href":"https:\/\/api.w.org\/{rel}","templated":true}]}}