{"id":29,"date":"2026-04-10T19:14:29","date_gmt":"2026-04-10T19:14:29","guid":{"rendered":"https:\/\/ueilamilano.com\/new\/?page_id=29"},"modified":"2026-04-10T19:18:20","modified_gmt":"2026-04-10T19:18:20","slug":"chi-siamo","status":"publish","type":"page","link":"https:\/\/ueilamilano.com\/new\/chi-siamo\/","title":{"rendered":"Chi Siamo"},"content":{"rendered":"\t\t<div data-elementor-type=\"wp-page\" data-elementor-id=\"29\" class=\"elementor elementor-29\" data-elementor-post-type=\"page\">\n\t\t\t\t<div class=\"elementor-element elementor-element-b59dbb5 e-flex e-con-boxed e-con e-parent\" data-id=\"b59dbb5\" data-element_type=\"container\" data-e-type=\"container\">\n\t\t\t\t\t<div class=\"e-con-inner\">\n\t\t<div class=\"elementor-element elementor-element-f803db1 e-con-full e-flex e-con e-child\" data-id=\"f803db1\" data-element_type=\"container\" data-e-type=\"container\">\n\t\t\t\t<div class=\"elementor-element elementor-element-66c9a8f elementor-widget elementor-widget-heading\" data-id=\"66c9a8f\" data-element_type=\"widget\" data-e-type=\"widget\" data-widget_type=\"heading.default\">\n\t\t\t\t\t<h1 class=\"elementor-heading-title elementor-size-default\">CHI SIAMO<\/h1>\t\t\t\t<\/div>\n\t\t\t\t<\/div>\n\t\t\t\t\t<\/div>\n\t\t\t\t<\/div>\n\t\t<div class=\"elementor-element elementor-element-d327b69 e-flex e-con-boxed e-con e-parent\" data-id=\"d327b69\" data-element_type=\"container\" data-e-type=\"container\">\n\t\t\t\t\t<div class=\"e-con-inner\">\n\t\t<div class=\"elementor-element elementor-element-b766f3c e-con-full e-flex e-con e-child\" data-id=\"b766f3c\" data-element_type=\"container\" data-e-type=\"container\">\n\t\t\t\t<\/div>\n\t\t<div class=\"elementor-element elementor-element-59b2c96 e-con-full e-flex e-con e-child\" data-id=\"59b2c96\" data-element_type=\"container\" data-e-type=\"container\">\n\t\t\t\t<div class=\"elementor-element elementor-element-c0691fd elementor-widget elementor-widget-text-editor\" data-id=\"c0691fd\" data-element_type=\"widget\" data-e-type=\"widget\" data-widget_type=\"text-editor.default\">\n\t\t\t\t\t\t\t\t\t<p>Siamo Giada e Nicol\u00f2, insieme nella vita e dal 2015 anche nel lavoro, volevamo creare qualcosa dallo stile unico che fosse solo nostro e che rispecchiasse noi e la nostra citt\u00e0, Milano.<\/p><p>Abbiamo pensato di combinare una tecnica (ai tempi) molto poco usata nella moda street ma con una storia ed una tradizione antichissima alle spalle, con tutto quello che poteva venire dal mondo della cultura pop, come citazioni di film, canzoni o modi di dire della nostra amata citt\u00e0.<\/p><p>Cos\u00ec \u00e8 nato il nostro progetto, cos\u00ec \u00e8 nata Ueila.<\/p>\t\t\t\t\t\t\t\t<\/div>\n\t\t\t\t<\/div>\n\t\t\t\t\t<\/div>\n\t\t\t\t<\/div>\n\t\t<div class=\"elementor-element elementor-element-a903121 e-flex e-con-boxed e-con e-parent\" data-id=\"a903121\" data-element_type=\"container\" data-e-type=\"container\" data-settings=\"{&quot;background_background&quot;:&quot;classic&quot;}\">\n\t\t\t\t\t<div class=\"e-con-inner\">\n\t\t<div class=\"elementor-element elementor-element-fe01bd1 e-con-full e-flex e-con e-child\" data-id=\"fe01bd1\" data-element_type=\"container\" data-e-type=\"container\">\n\t\t\t\t<div class=\"elementor-element elementor-element-48e7b20 elementor-widget elementor-widget-heading\" data-id=\"48e7b20\" data-element_type=\"widget\" data-e-type=\"widget\" data-widget_type=\"heading.default\">\n\t\t\t\t\t<h2 class=\"elementor-heading-title elementor-size-default\">Il NOSTRO APPROCCIO<\/h2>\t\t\t\t<\/div>\n\t\t\t\t<div class=\"elementor-element elementor-element-c5dd6f7 elementor-widget elementor-widget-text-editor\" data-id=\"c5dd6f7\" data-element_type=\"widget\" data-e-type=\"widget\" data-widget_type=\"text-editor.default\">\n\t\t\t\t\t\t\t\t\t<p>Un approccio rilassato e &#8220;zero sbatti&#8221; che ci pensa gi\u00e0 la vita a complicarci le cose. Le nostre t-shirt ironiche sono semplici, unisex e con un modello basico, le possono mettere tutti, nessuno escluso!<\/p>\t\t\t\t\t\t\t\t<\/div>\n\t\t\t\t<\/div>\n\t\t<div class=\"elementor-element elementor-element-78021b0 e-con-full e-flex e-con e-child\" data-id=\"78021b0\" data-element_type=\"container\" data-e-type=\"container\">\n\t\t\t\t<\/div>\n\t\t\t\t\t<\/div>\n\t\t\t\t<\/div>\n\t\t<div class=\"elementor-element elementor-element-218b20e e-flex e-con-boxed e-con e-parent\" data-id=\"218b20e\" data-element_type=\"container\" data-e-type=\"container\">\n\t\t\t\t\t<div class=\"e-con-inner\">\n\t\t<div class=\"elementor-element elementor-element-c6d3b4b e-con-full e-flex e-con e-child\" data-id=\"c6d3b4b\" data-element_type=\"container\" data-e-type=\"container\">\n\t\t\t\t<\/div>\n\t\t<div class=\"elementor-element elementor-element-bae6b3f e-con-full e-flex e-con e-child\" data-id=\"bae6b3f\" data-element_type=\"container\" data-e-type=\"container\">\n\t\t\t\t<div class=\"elementor-element elementor-element-bea7041 elementor-widget elementor-widget-heading\" data-id=\"bea7041\" data-element_type=\"widget\" data-e-type=\"widget\" data-widget_type=\"heading.default\">\n\t\t\t\t\t<h2 class=\"elementor-heading-title elementor-size-default\">LA NOSTRA FILOSOFIA<\/h2>\t\t\t\t<\/div>\n\t\t\t\t<div class=\"elementor-element elementor-element-0927ed4 elementor-widget elementor-widget-text-editor\" data-id=\"0927ed4\" data-element_type=\"widget\" data-e-type=\"widget\" data-widget_type=\"text-editor.default\">\n\t\t\t\t\t\t\t\t\t<p>Uniamo l&#8217;antica tecnica del ricamo con la POP CULTURE e lo streetwear, intervenendo su capi basici &#8220;must-have&#8221;, come la maglietta in cotone bianca, con ricami originali, divertenti, ironici, particolari e a volte irriverenti ispirati a cinema, musica e alla street culture internazionale soprattutto milanese.<\/p><p>L&#8217;ironia e l&#8217;originalit\u00e0 sono il filo conduttore dei nostri ricami creati sempre con passione e grande divertimento.<\/p><p>Pensiamo alle nostre magliette come a una &#8220;tela d&#8217;artista&#8221;. I nostro ricami sono l&#8217;espressione delle nostre passioni: frasi, disegni, citazioni di film o testi di canzoni riconducibili alla cultura POP.<\/p>\t\t\t\t\t\t\t\t<\/div>\n\t\t\t\t<\/div>\n\t\t\t\t\t<\/div>\n\t\t\t\t<\/div>\n\t\t<div class=\"elementor-element elementor-element-2be0bcd e-flex e-con-boxed e-con e-parent\" data-id=\"2be0bcd\" data-element_type=\"container\" data-e-type=\"container\" data-settings=\"{&quot;background_background&quot;:&quot;classic&quot;}\">\n\t\t\t\t\t<div class=\"e-con-inner\">\n\t\t<div class=\"elementor-element elementor-element-c46de92 e-con-full e-flex e-con e-child\" data-id=\"c46de92\" data-element_type=\"container\" data-e-type=\"container\">\n\t\t\t\t<div class=\"elementor-element elementor-element-02749e6 elementor-widget elementor-widget-heading\" data-id=\"02749e6\" data-element_type=\"widget\" data-e-type=\"widget\" data-widget_type=\"heading.default\">\n\t\t\t\t\t<h2 class=\"elementor-heading-title elementor-size-default\">LO STILE POP<\/h2>\t\t\t\t<\/div>\n\t\t\t\t<div class=\"elementor-element elementor-element-d200601 elementor-widget elementor-widget-spacer\" data-id=\"d200601\" data-element_type=\"widget\" data-e-type=\"widget\" data-widget_type=\"spacer.default\">\n\t\t\t\t\t\t\t<div class=\"elementor-spacer\">\n\t\t\t<div class=\"elementor-spacer-inner\"><\/div>\n\t\t<\/div>\n\t\t\t\t\t\t<\/div>\n\t\t\t\t<div class=\"elementor-element elementor-element-00f5915 elementor-widget elementor-widget-text-editor\" data-id=\"00f5915\" data-element_type=\"widget\" data-e-type=\"widget\" data-widget_type=\"text-editor.default\">\n\t\t\t\t\t\t\t\t\t<p>La cultura di massa o pop culture inizi\u00f2 a diffondersi quando le immagini, i miti e i contenuti potevano finalmente essere condivisi, da gran parte dell&#8217;umanit\u00e0, attraverso i mass-media.<\/p><p>La Pop art, nata a met\u00e0 del 20esimo secolo, elabora le immagini e i contenuti legati alla quotidianit\u00e0 fino ad elevarli, decontestualizzandoli a vere e proprie opere d&#8217;arte.<\/p><p>Quello che facciamo con i nostri ricami \u00e8 cercare di estrapolare elementi riconoscibili della realt\u00e0 quotidiana, siano essi materiali o immateriali, e di trasportarli su un supporto che per l&#8217;artista \u00e8 la tela ma che per noi sono i capi basici della moda, come la t shirt in cotone bianca.<\/p><p>La scelta di utilizzare la tecnica del ricamo ci sembrava la ciliegina sulla torta, creava quel contrasto cos\u00ec perfetto da mischiare con parole e immagini prelevate dal nostro background di cultura pop.<\/p><p>Ad esempio il ricamo &#8220;Rebel Rebel&#8221; e il ricamo &#8220;Sciura&#8221; sono molto differenti tra loro perch\u00e9 fanno riferimento a periodi storici e a contesti diversi. Abbiamo voluto inserirli all&#8217;interno della stessa collezione perch\u00e9 chi acquista ed indossa la t-shirt lo fa per i motivi pi\u00f9 disparati: i colori, la bellezza del ricamo o il modello ma soprattutto perch\u00e9 quelle semplici parole hanno un valore che pu\u00f2 essere per alcuni ironico e per altri iconico.<\/p>\t\t\t\t\t\t\t\t<\/div>\n\t\t\t\t<\/div>\n\t\t\t\t\t<\/div>\n\t\t\t\t<\/div>\n\t\t<div class=\"elementor-element elementor-element-c426489 e-flex e-con-boxed e-con e-parent\" data-id=\"c426489\" data-element_type=\"container\" data-e-type=\"container\">\n\t\t\t\t\t<div class=\"e-con-inner\">\n\t\t<div class=\"elementor-element elementor-element-b80db05 e-con-full e-flex e-con e-child\" data-id=\"b80db05\" data-element_type=\"container\" data-e-type=\"container\">\n\t\t\t\t<div class=\"elementor-element elementor-element-e334ef5 elementor-widget elementor-widget-heading\" data-id=\"e334ef5\" data-element_type=\"widget\" data-e-type=\"widget\" data-widget_type=\"heading.default\">\n\t\t\t\t\t<h3 class=\"elementor-heading-title elementor-size-default\">Nicol\u00f2 Pivoli<\/h3>\t\t\t\t<\/div>\n\t\t\t\t<div class=\"elementor-element elementor-element-541fe7f elementor-widget elementor-widget-text-editor\" data-id=\"541fe7f\" data-element_type=\"widget\" data-e-type=\"widget\" data-widget_type=\"text-editor.default\">\n\t\t\t\t\t\t\t\t\t<p style=\"text-align:center;\">Founder Ueila Milano<\/p>\t\t\t\t\t\t\t\t<\/div>\n\t\t\t\t<\/div>\n\t\t<div class=\"elementor-element elementor-element-2dc7140 e-con-full e-flex e-con e-child\" data-id=\"2dc7140\" data-element_type=\"container\" data-e-type=\"container\">\n\t\t\t\t<div class=\"elementor-element elementor-element-a842355 elementor-widget elementor-widget-heading\" data-id=\"a842355\" data-element_type=\"widget\" data-e-type=\"widget\" data-widget_type=\"heading.default\">\n\t\t\t\t\t<h3 class=\"elementor-heading-title elementor-size-default\">Giada Bich<\/h3>\t\t\t\t<\/div>\n\t\t\t\t<div class=\"elementor-element elementor-element-b345869 elementor-widget elementor-widget-text-editor\" data-id=\"b345869\" data-element_type=\"widget\" data-e-type=\"widget\" data-widget_type=\"text-editor.default\">\n\t\t\t\t\t\t\t\t\t<p style=\"text-align:center;\">Founder Ueila Milano<\/p>\t\t\t\t\t\t\t\t<\/div>\n\t\t\t\t<\/div>\n\t\t\t\t\t<\/div>\n\t\t\t\t<\/div>\n\t\t\t\t<\/div>\n\t\t","protected":false},"excerpt":{"rendered":"<p>CHI SIAMO Siamo Giada e Nicol\u00f2, insieme nella vita e dal 2015 anche nel lavoro, volevamo creare qualcosa dallo stile unico che fosse solo nostro e che rispecchiasse noi e la nostra citt\u00e0, Milano. Abbiamo pensato di combinare una tecnica (ai tempi) molto poco usata nella moda street ma con una storia ed una tradizione [&hellip;]<\/p>\n","protected":false},"author":1,"featured_media":0,"parent":0,"menu_order":0,"comment_status":"closed","ping_status":"closed","template":"","meta":{"footnotes":""},"class_list":["post-29","page","type-page","status-publish","hentry"],"_links":{"self":[{"href":"https:\/\/ueilamilano.com\/new\/wp-json\/wp\/v2\/pages\/29","targetHints":{"allow":["GET"]}}],"collection":[{"href":"https:\/\/ueilamilano.com\/new\/wp-json\/wp\/v2\/pages"}],"about":[{"href":"https:\/\/ueilamilano.com\/new\/wp-json\/wp\/v2\/types\/page"}],"author":[{"embeddable":true,"href":"https:\/\/ueilamilano.com\/new\/wp-json\/wp\/v2\/users\/1"}],"replies":[{"embeddable":true,"href":"https:\/\/ueilamilano.com\/new\/wp-json\/wp\/v2\/comments?post=29"}],"version-history":[{"count":10,"href":"https:\/\/ueilamilano.com\/new\/wp-json\/wp\/v2\/pages\/29\/revisions"}],"predecessor-version":[{"id":60,"href":"https:\/\/ueilamilano.com\/new\/wp-json\/wp\/v2\/pages\/29\/revisions\/60"}],"wp:attachment":[{"href":"https:\/\/ueilamilano.com\/new\/wp-json\/wp\/v2\/media?parent=29"}],"curies":[{"name":"wp","href":"https:\/\/api.w.org\/{rel}","templated":true}]}}