{"id":2863,"date":"2021-02-08T18:10:30","date_gmt":"2021-02-08T17:10:30","guid":{"rendered":"http:\/\/ueilamilano.com\/new\/?page_id=2863"},"modified":"2024-07-17T11:38:37","modified_gmt":"2024-07-17T09:38:37","slug":"t-shirt-ricamate-personalizzate","status":"publish","type":"page","link":"https:\/\/ueilamilano.com\/new\/t-shirt-ricamate-personalizzate\/","title":{"rendered":"T shirt ricamate personalizzate"},"content":{"rendered":"\t\t<div data-elementor-type=\"wp-page\" data-elementor-id=\"2863\" class=\"elementor elementor-2863\" data-elementor-post-type=\"page\">\n\t\t\t\t\t\t<section class=\"elementor-section elementor-top-section elementor-element elementor-element-005ddff elementor-section-boxed elementor-section-height-default elementor-section-height-default\" data-id=\"005ddff\" data-element_type=\"section\" data-e-type=\"section\">\n\t\t\t\t\t\t<div class=\"elementor-container elementor-column-gap-default\">\n\t\t\t\t\t<div class=\"elementor-column elementor-col-100 elementor-top-column elementor-element elementor-element-6c32597\" data-id=\"6c32597\" data-element_type=\"column\" data-e-type=\"column\">\n\t\t\t<div class=\"elementor-widget-wrap elementor-element-populated\">\n\t\t\t\t\t\t<div class=\"elementor-element elementor-element-69a937e elementor-widget elementor-widget-text-editor\" data-id=\"69a937e\" data-element_type=\"widget\" data-e-type=\"widget\" data-widget_type=\"text-editor.default\">\n\t\t\t\t\t\t\t\t\t<p>Benvenuti nella sezione dedicata alle<span role=\"tabpanel\"><span title=\"t shirt ricamate personalizzate\"><a href=\"http:\/\/ueilamilano.com\/new\/\"> t shirt ricamate<\/a> personalizzate<\/span><\/span>: avrete cos\u00ec modo di indossare una t shirt personalizzata esclusiva e unica impreziosita da un ricamo effettuato a mano!<\/p>\t\t\t\t\t\t\t\t<\/div>\n\t\t\t\t<div class=\"elementor-element elementor-element-70e3390 elementor-widget elementor-widget-heading\" data-id=\"70e3390\" data-element_type=\"widget\" data-e-type=\"widget\" data-widget_type=\"heading.default\">\n\t\t\t\t\t<h2 class=\"elementor-heading-title elementor-size-default\">Si pu\u00f2 fare una t shirt o una maglietta personalizzata ricamata a mano\u00a0 con un ricamo che mi \u00e8 venuto in mente?<\/h2>\t\t\t\t<\/div>\n\t\t\t\t<div class=\"elementor-element elementor-element-79fafac elementor-widget elementor-widget-text-editor\" data-id=\"79fafac\" data-element_type=\"widget\" data-e-type=\"widget\" data-widget_type=\"text-editor.default\">\n\t\t\t\t\t\t\t\t\t<p><img fetchpriority=\"high\" decoding=\"async\" class=\"alignleft wp-image-4083\" src=\"http:\/\/ueilamilano.com\/new\/wp-content\/uploads\/fatto-a-mano-scaled.jpg\" alt=\"t shirt ricamate personalizzate\" width=\"250\" height=\"250\" srcset=\"https:\/\/ueilamilano.com\/new\/wp-content\/uploads\/fatto-a-mano-scaled.jpg 2560w, https:\/\/ueilamilano.com\/new\/wp-content\/uploads\/fatto-a-mano-scaled-300x300.jpg 300w, https:\/\/ueilamilano.com\/new\/wp-content\/uploads\/fatto-a-mano-scaled-100x100.jpg 100w, https:\/\/ueilamilano.com\/new\/wp-content\/uploads\/fatto-a-mano-scaled-600x600.jpg 600w\" sizes=\"(max-width: 250px) 100vw, 250px\" \/>La risposta \u00e8: \u201c<b>Probabilmente s\u00ec<\/b>!\u201d<\/p><p>Si prega d\u2019inviare un\u2019e-mail a <b><span style=\"text-decoration: underline;\"><strong><a href=\"mailto:studio@ueilamilano.com\">studio@ueilamilano.com<\/a><\/strong><\/span><\/b> per permetterci di valutare la possibilit\u00e0 di realizzazione della t shirt personalizzata ricamata dei vostri sogni.<\/p><p>Come per le t shirt ricamate della nostra collezione, considerate (ci stiamo riferendo soprattutto al pubblico femminile) che la vestibilit\u00e0 \u00e8 unisex quindi comoda e non attillata.<\/p><p>Vi rimandiamo alla pagina <span style=\"text-decoration: underline;\"><span style=\"color: #333300;\"><a style=\"color: #333300; text-decoration: underline;\" href=\"http:\/\/ueilamilano.com\/new\/tabella-taglie\/\" target=\"_blank\" rel=\"noopener\">Tabella Taglie<\/a><\/span><\/span>\u00a0 per verificare la vestibilit\u00e0 delle <a href=\"http:\/\/ueilamilano.com\/new\/\">t shirt in cotone organico<\/a> sui nostri modelli con le relative tabelle misure.<\/p>\t\t\t\t\t\t\t\t<\/div>\n\t\t\t\t<div class=\"elementor-element elementor-element-c0e7984 elementor-widget elementor-widget-spacer\" data-id=\"c0e7984\" data-element_type=\"widget\" data-e-type=\"widget\" data-widget_type=\"spacer.default\">\n\t\t\t\t\t\t\t<div class=\"elementor-spacer\">\n\t\t\t<div class=\"elementor-spacer-inner\"><\/div>\n\t\t<\/div>\n\t\t\t\t\t\t<\/div>\n\t\t\t\t<div class=\"elementor-element elementor-element-4e744e1 elementor-widget elementor-widget-heading\" data-id=\"4e744e1\" data-element_type=\"widget\" data-e-type=\"widget\" data-widget_type=\"heading.default\">\n\t\t\t\t\t<h2 class=\"elementor-heading-title elementor-size-default\">t shirt ricamate personalizzate: alcuni esempi<\/h2>\t\t\t\t<\/div>\n\t\t\t\t<div class=\"elementor-element elementor-element-2c68601 elementor-widget elementor-widget-text-editor\" data-id=\"2c68601\" data-element_type=\"widget\" data-e-type=\"widget\" data-widget_type=\"text-editor.default\">\n\t\t\t\t\t\t\t\t\t<p>Alcuni esempi di t shirt personalizzate con ricami richiesti dai clienti:<\/p>\t\t\t\t\t\t\t\t<\/div>\n\t\t\t\t<section class=\"elementor-section elementor-inner-section elementor-element elementor-element-6418518 elementor-section-boxed elementor-section-height-default elementor-section-height-default\" data-id=\"6418518\" data-element_type=\"section\" data-e-type=\"section\">\n\t\t\t\t\t\t<div class=\"elementor-container elementor-column-gap-default\">\n\t\t\t\t\t<div class=\"elementor-column elementor-col-25 elementor-inner-column elementor-element elementor-element-cdfcc65\" data-id=\"cdfcc65\" data-element_type=\"column\" data-e-type=\"column\">\n\t\t\t<div class=\"elementor-widget-wrap elementor-element-populated\">\n\t\t\t\t\t\t<div class=\"elementor-element elementor-element-cd064f2 elementor-widget elementor-widget-image\" data-id=\"cd064f2\" data-element_type=\"widget\" data-e-type=\"widget\" data-widget_type=\"image.default\">\n\t\t\t\t\t\t\t\t\t\t\t\t\t\t\t\t<a href=\"http:\/\/ueilamilano.com\/new\/wp-content\/uploads\/T-shirt-personalizzate-ricamate-1.jpg\" data-elementor-open-lightbox=\"yes\" data-elementor-lightbox-title=\"T shirt personalizzate ricamate-1\" data-e-action-hash=\"#elementor-action%3Aaction%3Dlightbox%26settings%3DeyJpZCI6NjI5NiwidXJsIjoiaHR0cHM6XC9cL3VlaWxhbWlsYW5vLmNvbVwvbmV3XC93cC1jb250ZW50XC91cGxvYWRzXC9ULXNoaXJ0LXBlcnNvbmFsaXp6YXRlLXJpY2FtYXRlLTEuanBnIn0%3D\">\n\t\t\t\t\t\t\t<img decoding=\"async\" width=\"768\" height=\"1024\" src=\"https:\/\/ueilamilano.com\/new\/wp-content\/uploads\/T-shirt-personalizzate-ricamate-1-768x1024.jpg\" class=\"attachment-large size-large wp-image-6296\" alt=\"T shirt personalizzate ricamate-1\" srcset=\"https:\/\/ueilamilano.com\/new\/wp-content\/uploads\/T-shirt-personalizzate-ricamate-1-768x1024.jpg 768w, https:\/\/ueilamilano.com\/new\/wp-content\/uploads\/T-shirt-personalizzate-ricamate-1-600x800.jpg 600w, https:\/\/ueilamilano.com\/new\/wp-content\/uploads\/T-shirt-personalizzate-ricamate-1-450x600.jpg 450w, https:\/\/ueilamilano.com\/new\/wp-content\/uploads\/T-shirt-personalizzate-ricamate-1-1152x1536.jpg 1152w, https:\/\/ueilamilano.com\/new\/wp-content\/uploads\/T-shirt-personalizzate-ricamate-1-1320x1760.jpg 1320w, https:\/\/ueilamilano.com\/new\/wp-content\/uploads\/T-shirt-personalizzate-ricamate-1.jpg 1512w\" sizes=\"(max-width: 768px) 100vw, 768px\" \/>\t\t\t\t\t\t\t\t<\/a>\n\t\t\t\t\t\t\t\t\t\t\t\t\t\t\t<\/div>\n\t\t\t\t\t<\/div>\n\t\t<\/div>\n\t\t\t\t<div class=\"elementor-column elementor-col-25 elementor-inner-column elementor-element elementor-element-54bd1e3\" data-id=\"54bd1e3\" data-element_type=\"column\" data-e-type=\"column\">\n\t\t\t<div class=\"elementor-widget-wrap elementor-element-populated\">\n\t\t\t\t\t\t<div class=\"elementor-element elementor-element-68a04bb elementor-widget elementor-widget-image\" data-id=\"68a04bb\" data-element_type=\"widget\" data-e-type=\"widget\" data-widget_type=\"image.default\">\n\t\t\t\t\t\t\t\t\t\t\t\t\t\t\t\t<a href=\"http:\/\/ueilamilano.com\/new\/wp-content\/uploads\/T-shirt-personalizzate-ricamate-2.jpg\" data-elementor-open-lightbox=\"yes\" data-elementor-lightbox-title=\"T shirt personalizzate ricamate-2\" data-e-action-hash=\"#elementor-action%3Aaction%3Dlightbox%26settings%3DeyJpZCI6NjI5NywidXJsIjoiaHR0cHM6XC9cL3VlaWxhbWlsYW5vLmNvbVwvbmV3XC93cC1jb250ZW50XC91cGxvYWRzXC9ULXNoaXJ0LXBlcnNvbmFsaXp6YXRlLXJpY2FtYXRlLTIuanBnIn0%3D\">\n\t\t\t\t\t\t\t<img decoding=\"async\" width=\"768\" height=\"1024\" src=\"https:\/\/ueilamilano.com\/new\/wp-content\/uploads\/T-shirt-personalizzate-ricamate-2-768x1024.jpg\" class=\"attachment-large size-large wp-image-6297\" alt=\"T shirt personalizzate ricamate-2\" srcset=\"https:\/\/ueilamilano.com\/new\/wp-content\/uploads\/T-shirt-personalizzate-ricamate-2-768x1024.jpg 768w, https:\/\/ueilamilano.com\/new\/wp-content\/uploads\/T-shirt-personalizzate-ricamate-2-600x800.jpg 600w, https:\/\/ueilamilano.com\/new\/wp-content\/uploads\/T-shirt-personalizzate-ricamate-2-450x600.jpg 450w, https:\/\/ueilamilano.com\/new\/wp-content\/uploads\/T-shirt-personalizzate-ricamate-2-1152x1536.jpg 1152w, https:\/\/ueilamilano.com\/new\/wp-content\/uploads\/T-shirt-personalizzate-ricamate-2-1320x1760.jpg 1320w, https:\/\/ueilamilano.com\/new\/wp-content\/uploads\/T-shirt-personalizzate-ricamate-2.jpg 1512w\" sizes=\"(max-width: 768px) 100vw, 768px\" \/>\t\t\t\t\t\t\t\t<\/a>\n\t\t\t\t\t\t\t\t\t\t\t\t\t\t\t<\/div>\n\t\t\t\t\t<\/div>\n\t\t<\/div>\n\t\t\t\t<div class=\"elementor-column elementor-col-25 elementor-inner-column elementor-element elementor-element-34ada63\" data-id=\"34ada63\" data-element_type=\"column\" data-e-type=\"column\">\n\t\t\t<div class=\"elementor-widget-wrap elementor-element-populated\">\n\t\t\t\t\t\t<div class=\"elementor-element elementor-element-cfac05e elementor-widget elementor-widget-image\" data-id=\"cfac05e\" data-element_type=\"widget\" data-e-type=\"widget\" data-widget_type=\"image.default\">\n\t\t\t\t\t\t\t\t\t\t\t\t\t\t\t\t<a href=\"http:\/\/ueilamilano.com\/new\/wp-content\/uploads\/T-shirt-personalizzate-ricamate-3.jpg\" data-elementor-open-lightbox=\"yes\" data-elementor-lightbox-title=\"T shirt personalizzate ricamate-3\" data-e-action-hash=\"#elementor-action%3Aaction%3Dlightbox%26settings%3DeyJpZCI6NjI5OCwidXJsIjoiaHR0cHM6XC9cL3VlaWxhbWlsYW5vLmNvbVwvbmV3XC93cC1jb250ZW50XC91cGxvYWRzXC9ULXNoaXJ0LXBlcnNvbmFsaXp6YXRlLXJpY2FtYXRlLTMuanBnIn0%3D\">\n\t\t\t\t\t\t\t<img loading=\"lazy\" decoding=\"async\" width=\"768\" height=\"1024\" src=\"https:\/\/ueilamilano.com\/new\/wp-content\/uploads\/T-shirt-personalizzate-ricamate-3-768x1024.jpg\" class=\"attachment-large size-large wp-image-6298\" alt=\"T shirt personalizzate ricamate-4\" srcset=\"https:\/\/ueilamilano.com\/new\/wp-content\/uploads\/T-shirt-personalizzate-ricamate-3-768x1024.jpg 768w, https:\/\/ueilamilano.com\/new\/wp-content\/uploads\/T-shirt-personalizzate-ricamate-3-600x800.jpg 600w, https:\/\/ueilamilano.com\/new\/wp-content\/uploads\/T-shirt-personalizzate-ricamate-3-450x600.jpg 450w, https:\/\/ueilamilano.com\/new\/wp-content\/uploads\/T-shirt-personalizzate-ricamate-3-1152x1536.jpg 1152w, https:\/\/ueilamilano.com\/new\/wp-content\/uploads\/T-shirt-personalizzate-ricamate-3-1320x1760.jpg 1320w, https:\/\/ueilamilano.com\/new\/wp-content\/uploads\/T-shirt-personalizzate-ricamate-3.jpg 1512w\" sizes=\"(max-width: 768px) 100vw, 768px\" \/>\t\t\t\t\t\t\t\t<\/a>\n\t\t\t\t\t\t\t\t\t\t\t\t\t\t\t<\/div>\n\t\t\t\t\t<\/div>\n\t\t<\/div>\n\t\t\t\t<div class=\"elementor-column elementor-col-25 elementor-inner-column elementor-element elementor-element-c6687d5\" data-id=\"c6687d5\" data-element_type=\"column\" data-e-type=\"column\">\n\t\t\t<div class=\"elementor-widget-wrap elementor-element-populated\">\n\t\t\t\t\t\t<div class=\"elementor-element elementor-element-eb6858b elementor-widget elementor-widget-image\" data-id=\"eb6858b\" data-element_type=\"widget\" data-e-type=\"widget\" data-widget_type=\"image.default\">\n\t\t\t\t\t\t\t\t\t\t\t\t\t\t\t<img loading=\"lazy\" decoding=\"async\" width=\"768\" height=\"1024\" src=\"https:\/\/ueilamilano.com\/new\/wp-content\/uploads\/T-shirt-personalizzate-ricamate-4-768x1024.jpg\" class=\"attachment-large size-large wp-image-6299\" alt=\"T shirt personalizzate ricamate-4\" srcset=\"https:\/\/ueilamilano.com\/new\/wp-content\/uploads\/T-shirt-personalizzate-ricamate-4-768x1024.jpg 768w, https:\/\/ueilamilano.com\/new\/wp-content\/uploads\/T-shirt-personalizzate-ricamate-4-600x800.jpg 600w, https:\/\/ueilamilano.com\/new\/wp-content\/uploads\/T-shirt-personalizzate-ricamate-4-450x600.jpg 450w, https:\/\/ueilamilano.com\/new\/wp-content\/uploads\/T-shirt-personalizzate-ricamate-4-1152x1536.jpg 1152w, https:\/\/ueilamilano.com\/new\/wp-content\/uploads\/T-shirt-personalizzate-ricamate-4-1320x1760.jpg 1320w, https:\/\/ueilamilano.com\/new\/wp-content\/uploads\/T-shirt-personalizzate-ricamate-4.jpg 1512w\" sizes=\"(max-width: 768px) 100vw, 768px\" \/>\t\t\t\t\t\t\t\t\t\t\t\t\t\t\t<\/div>\n\t\t\t\t\t<\/div>\n\t\t<\/div>\n\t\t\t\t\t<\/div>\n\t\t<\/section>\n\t\t\t\t<div class=\"elementor-element elementor-element-53c12fd elementor-widget elementor-widget-spacer\" data-id=\"53c12fd\" data-element_type=\"widget\" data-e-type=\"widget\" data-widget_type=\"spacer.default\">\n\t\t\t\t\t\t\t<div class=\"elementor-spacer\">\n\t\t\t<div class=\"elementor-spacer-inner\"><\/div>\n\t\t<\/div>\n\t\t\t\t\t\t<\/div>\n\t\t\t\t<div class=\"elementor-element elementor-element-90517eb elementor-widget elementor-widget-heading\" data-id=\"90517eb\" data-element_type=\"widget\" data-e-type=\"widget\" data-widget_type=\"heading.default\">\n\t\t\t\t\t<h2 class=\"elementor-heading-title elementor-size-default\">Quanto possono costare le vostre t shirt ricamate personalizzate  ?<\/h2>\t\t\t\t<\/div>\n\t\t\t\t<div class=\"elementor-element elementor-element-5b3350e elementor-widget elementor-widget-text-editor\" data-id=\"5b3350e\" data-element_type=\"widget\" data-e-type=\"widget\" data-widget_type=\"text-editor.default\">\n\t\t\t\t\t\t\t\t\t<p>La risposta \u00e8: \u201cdipende\u201d.<\/p><p>Dato che i ricami personalizzati sono fatti a mano, il prezzo \u00e8 direttamente proporzionale alla difficolt\u00e0 del ricamo, se parliamo di una scritta \u00e8 una cosa, se iniziamo ad aggiungere dei disegni particolarmente complessi \u00e8 un\u2019altra.<\/p><p>Scrivete a <a href=\"mailto:studio@ueilamilano.com\"><span style=\"text-decoration: underline;\">studio@ueilamilano.com<\/span><\/a> , cos\u00ec insieme alla bozza vi invieremo il nostro preventivo per le vostre t shirt e magliette personalizzate ricamate a mano.<\/p>\t\t\t\t\t\t\t\t<\/div>\n\t\t\t\t\t<\/div>\n\t\t<\/div>\n\t\t\t\t\t<\/div>\n\t\t<\/section>\n\t\t\t\t<\/div>\n\t\t","protected":false},"excerpt":{"rendered":"<p>Benvenuti nella sezione dedicata alle t shirt ricamate personalizzate: avrete cos\u00ec modo di indossare una t shirt personalizzata esclusiva e unica impreziosita da un ricamo effettuato a mano! Si pu\u00f2 fare una t shirt o una maglietta personalizzata ricamata a mano\u00a0 con un ricamo che mi \u00e8 venuto in mente? La risposta \u00e8: \u201cProbabilmente s\u00ec!\u201d [&hellip;]<\/p>\n","protected":false},"author":21,"featured_media":0,"parent":0,"menu_order":0,"comment_status":"closed","ping_status":"closed","template":"","meta":{"_joinchat":[],"footnotes":""},"class_list":["post-2863","page","type-page","status-publish","hentry"],"_links":{"self":[{"href":"https:\/\/ueilamilano.com\/new\/wp-json\/wp\/v2\/pages\/2863","targetHints":{"allow":["GET"]}}],"collection":[{"href":"https:\/\/ueilamilano.com\/new\/wp-json\/wp\/v2\/pages"}],"about":[{"href":"https:\/\/ueilamilano.com\/new\/wp-json\/wp\/v2\/types\/page"}],"author":[{"embeddable":true,"href":"https:\/\/ueilamilano.com\/new\/wp-json\/wp\/v2\/users\/21"}],"replies":[{"embeddable":true,"href":"https:\/\/ueilamilano.com\/new\/wp-json\/wp\/v2\/comments?post=2863"}],"version-history":[{"count":0,"href":"https:\/\/ueilamilano.com\/new\/wp-json\/wp\/v2\/pages\/2863\/revisions"}],"wp:attachment":[{"href":"https:\/\/ueilamilano.com\/new\/wp-json\/wp\/v2\/media?parent=2863"}],"curies":[{"name":"wp","href":"https:\/\/api.w.org\/{rel}","templated":true}]}}